{"id":12959,"date":"2023-08-11T11:41:08","date_gmt":"2023-08-11T09:41:08","guid":{"rendered":"https:\/\/www.werecycle.ch\/?post_type=product&#038;p=12959"},"modified":"2024-07-18T13:15:02","modified_gmt":"2024-07-18T12:15:02","slug":"haslinger-sandelholz-geschenkpackung-4-teilig","status":"publish","type":"product","link":"https:\/\/www.werecycle.ch\/de\/shop\/wohlbefinden-wellness\/koerperpflege\/haslinger-sandelholz-geschenkpackung-4-teilig\/","title":{"rendered":"Sandelholz Geschenkpackung 4-teilig"},"content":{"rendered":"<div class=\"product--description js-ott-is-expanded\">\n<div>\n<div class=\"product--description js-ott-is-expanded\">\n<div>Sandelholz Geschenkpackung 4teilig Haslinger<\/div>\n<div><\/div>\n<div>Das Geschenkset enth\u00e4lt:<\/div>\n<ul>\n<li>Sandelholz Duschbad &amp; Shampoo 200ml<\/li>\n<li>Sandelholz After Shave Balsam 100ml<\/li>\n<li>Sandelholz Rasierseife 60g<\/li>\n<li>Aufbewahrungsdose aus Aluminum f\u00fcr Rasierseife<\/li>\n<\/ul>\n<div><\/div>\n<div><\/div>\n<div>Die SPA Sandelholz Serie ist eine komplette Pflegelinie. Alle diese Produkte werden mit echtem Sandelholz\u00f6le hergestellt.<\/div>\n<div><\/div>\n<div>Hochwertige Kosmetik traditionell hergestellt seit 1890 in Wien<\/div>\n<div><\/div>\n<div>Fr\u00fchzeitig verzichtete Haslinger nicht nur auf Rohstoffe tierischen Ursprungs, sondern forschte und entwickelte ausgewogene und gut vertr\u00e4gliche Kosmetikrezepturen auf reiner Pflanzen\u00f6lbasis. Sein Lebenswerk galt auch der Nutzung der Kraft und positiven Eigenschaften von Honig, Kr\u00e4utern, Heilpflanzen und \u00e4therischen \u00d6len in mild pflegenden Kosmetikformulierungen.<\/div>\n<div>Aufbauend auf diese Erkenntnisse bietet das Haslinger Wellness Sortiment eine breite Palette bew\u00e4hrter Kosmetikprodukte zum Wohlf\u00fchlen und Entspannen.<\/div>\n<div>Heute werden in bei Haslinger reine Pflanzen\u00f6lseifen, Schaumb\u00e4der, Duschb\u00e4der, Shampoos, K\u00f6rperlotionen, Badesalze, \u00d6lb\u00e4der und Saunaaufguss\u00f6le nach modernstem Standard hergestellt. Die laufenden Laboruntersuchungen und ein modernes Hygiene- und Qualit\u00e4tsmanagementsystem gew\u00e4hrleisten den hohen Qualit\u00e4tsstandard.<\/div>\n<div><\/div>\n<div>Zeit nehmen, eintauchen, entspannen, wohlf\u00fchlen. Das ist Haslinger Wellness Kosmetik.<\/div>\n<\/div>\n<\/div>\n<div><\/div>\n<ul>\n<li>frei von Tierversuchen<\/li>\n<li>frei von Silikone<\/li>\n<li>frei von Aluminium<\/li>\n<li>frei von Paraben<\/li>\n<li>frei von Phenoxyetahnol<\/li>\n<li>frei von Ethanolamine<\/li>\n<li>frei von Paraffin<\/li>\n<li>frei von Mineral\u00f6len<\/li>\n<\/ul>\n<div><\/div>\n<\/div>\n","protected":false},"excerpt":{"rendered":"<p>Hochwertiges Kosmetik Geschenkset, traditionell hergestellt seit 1890 in Wien.<\/p>\n","protected":false},"featured_media":12960,"template":"","meta":{"ocean_post_layout":"","ocean_both_sidebars_style":"","ocean_both_sidebars_content_width":0,"ocean_both_sidebars_sidebars_width":0,"ocean_sidebar":"0","ocean_second_sidebar":"0","ocean_disable_margins":"enable","ocean_add_body_class":"","ocean_shortcode_before_top_bar":"","ocean_shortcode_after_top_bar":"","ocean_shortcode_before_header":"","ocean_shortcode_after_header":"","ocean_has_shortcode":"","ocean_shortcode_after_title":"","ocean_shortcode_before_footer_widgets":"","ocean_shortcode_after_footer_widgets":"","ocean_shortcode_before_footer_bottom":"","ocean_shortcode_after_footer_bottom":"","ocean_display_top_bar":"default","ocean_display_header":"default","ocean_header_style":"","ocean_center_header_left_menu":"0","ocean_custom_header_template":"0","ocean_custom_logo":0,"ocean_custom_retina_logo":0,"ocean_custom_logo_max_width":0,"ocean_custom_logo_tablet_max_width":0,"ocean_custom_logo_mobile_max_width":0,"ocean_custom_logo_max_height":0,"ocean_custom_logo_tablet_max_height":0,"ocean_custom_logo_mobile_max_height":0,"ocean_header_custom_menu":"0","ocean_menu_typo_font_family":"0","ocean_menu_typo_font_subset":"","ocean_menu_typo_font_size":0,"ocean_menu_typo_font_size_tablet":0,"ocean_menu_typo_font_size_mobile":0,"ocean_menu_typo_font_size_unit":"px","ocean_menu_typo_font_weight":"","ocean_menu_typo_font_weight_tablet":"","ocean_menu_typo_font_weight_mobile":"","ocean_menu_typo_transform":"","ocean_menu_typo_transform_tablet":"","ocean_menu_typo_transform_mobile":"","ocean_menu_typo_line_height":0,"ocean_menu_typo_line_height_tablet":0,"ocean_menu_typo_line_height_mobile":0,"ocean_menu_typo_line_height_unit":"","ocean_menu_typo_spacing":0,"ocean_menu_typo_spacing_tablet":0,"ocean_menu_typo_spacing_mobile":0,"ocean_menu_typo_spacing_unit":"","ocean_menu_link_color":"","ocean_menu_link_color_hover":"","ocean_menu_link_color_active":"","ocean_menu_link_background":"","ocean_menu_link_hover_background":"","ocean_menu_link_active_background":"","ocean_menu_social_links_bg":"","ocean_menu_social_hover_links_bg":"","ocean_menu_social_links_color":"","ocean_menu_social_hover_links_color":"","ocean_disable_title":"default","ocean_disable_heading":"default","ocean_post_title":"","ocean_post_subheading":"","ocean_post_title_style":"","ocean_post_title_background_color":"","ocean_post_title_background":0,"ocean_post_title_bg_image_position":"","ocean_post_title_bg_image_attachment":"","ocean_post_title_bg_image_repeat":"","ocean_post_title_bg_image_size":"","ocean_post_title_height":0,"ocean_post_title_bg_overlay":0.5,"ocean_post_title_bg_overlay_color":"","ocean_disable_breadcrumbs":"default","ocean_breadcrumbs_color":"","ocean_breadcrumbs_separator_color":"","ocean_breadcrumbs_links_color":"","ocean_breadcrumbs_links_hover_color":"","ocean_display_footer_widgets":"default","ocean_display_footer_bottom":"default","ocean_custom_footer_template":"0","ofc_meta_disable_footer_callout":"","ofc_meta_callout_button_url":"","ofc_meta_callout_button_txt":"","ofc_meta_callout_text":"","osh_disable_topbar_sticky":"default","osh_disable_header_sticky":"default","osh_sticky_header_style":"default","osh_sticky_header_effect":"","osh_custom_sticky_logo":0,"osh_custom_retina_sticky_logo":0,"osh_custom_sticky_logo_height":0,"osh_background_color":"","osh_links_color":"","osh_links_hover_color":"","osh_links_active_color":"","osh_links_bg_color":"","osh_links_hover_bg_color":"","osh_links_active_bg_color":"","osh_menu_social_links_color":"","osh_menu_social_hover_links_color":""},"product_brand":[],"product_cat":[89,78],"product_tag":[1330,1327,1326,1325,846,183,923,921,919,144,311],"class_list":{"0":"post-12959","1":"product","2":"type-product","3":"status-publish","4":"has-post-thumbnail","6":"product_cat-geschenke","7":"product_cat-koerperpflege","8":"product_tag-after-shave","9":"product_tag-bodylotion","10":"product_tag-duschbad","11":"product_tag-geschenke","12":"product_tag-geschenkidee","13":"product_tag-geschenkset","14":"product_tag-haslinger","15":"product_tag-koerperpflege","16":"product_tag-rasierseife","17":"product_tag-seife","18":"product_tag-shampoo","19":"product_shipping_class-paket","21":"entry","22":"has-media","24":"first","25":"instock","26":"taxable","27":"shipping-taxable","28":"purchasable","29":"product-type-simple","30":"col","31":"span_1_of_3","32":"owp-content-center","33":"item-entry","34":"owp-thumbs-layout-horizontal","35":"owp-btn-normal","36":"owp-tabs-layout-horizontal","37":"circle-sale"},"yoast_head":"<!-- This site is optimized with the Yoast SEO plugin v27.4 - https:\/\/yoast.com\/product\/yoast-seo-wordpress\/ -->\n<title>Sandelholz Geschenkpackung 4-teilig - WeRecycle.ch | WR Group AG<\/title>\n<meta name=\"description\" content=\"Vierteliges Geschenkset f\u00fcr den gepflegten Herrn von Haslinger aus Wien: Sandelholz Duschbad &amp; Shampoo, Rasierseife und After Shave Balsam\" \/>\n<meta name=\"robots\" content=\"index, follow, max-snippet:-1, max-image-preview:large, max-video-preview:-1\" \/>\n<link rel=\"canonical\" href=\"https:\/\/www.werecycle.ch\/de\/shop\/wohlbefinden-wellness\/koerperpflege\/haslinger-sandelholz-geschenkpackung-4-teilig\/\" \/>\n<meta property=\"og:locale\" content=\"de_DE\" \/>\n<meta property=\"og:type\" content=\"article\" \/>\n<meta property=\"og:title\" content=\"Sandelholz Geschenkpackung 4-teilig - WeRecycle.ch | WR Group AG\" \/>\n<meta property=\"og:description\" content=\"Vierteliges Geschenkset f\u00fcr den gepflegten Herrn von Haslinger aus Wien: Sandelholz Duschbad &amp; Shampoo, Rasierseife und After Shave Balsam\" \/>\n<meta property=\"og:url\" content=\"https:\/\/www.werecycle.ch\/de\/shop\/wohlbefinden-wellness\/koerperpflege\/haslinger-sandelholz-geschenkpackung-4-teilig\/\" \/>\n<meta property=\"og:site_name\" content=\"WeRecycle.ch | WR Group AG\" \/>\n<meta property=\"article:publisher\" content=\"https:\/\/www.facebook.com\/www.werecycle.ch\" \/>\n<meta property=\"article:modified_time\" content=\"2024-07-18T12:15:02+00:00\" \/>\n<meta property=\"og:image\" content=\"https:\/\/www.werecycle.ch\/wp-content\/uploads\/2023\/10\/210097.webp\" \/>\n\t<meta property=\"og:image:width\" content=\"1200\" \/>\n\t<meta property=\"og:image:height\" content=\"1200\" \/>\n\t<meta property=\"og:image:type\" content=\"image\/webp\" \/>\n<meta name=\"twitter:card\" content=\"summary_large_image\" \/>\n<script type=\"application\/ld+json\" class=\"yoast-schema-graph\">{\"@context\":\"https:\\\/\\\/schema.org\",\"@graph\":[{\"@type\":\"WebPage\",\"@id\":\"https:\\\/\\\/www.werecycle.ch\\\/shop\\\/wohlbefinden-wellness\\\/koerperpflege\\\/haslinger-sandelholz-geschenkpackung-4-teilig\\\/\",\"url\":\"https:\\\/\\\/www.werecycle.ch\\\/shop\\\/wohlbefinden-wellness\\\/koerperpflege\\\/haslinger-sandelholz-geschenkpackung-4-teilig\\\/\",\"name\":\"Sandelholz Geschenkpackung 4-teilig - WeRecycle.ch | WR Group AG\",\"isPartOf\":{\"@id\":\"https:\\\/\\\/www.werecycle.ch\\\/de\\\/#website\"},\"primaryImageOfPage\":{\"@id\":\"https:\\\/\\\/www.werecycle.ch\\\/shop\\\/wohlbefinden-wellness\\\/koerperpflege\\\/haslinger-sandelholz-geschenkpackung-4-teilig\\\/#primaryimage\"},\"image\":{\"@id\":\"https:\\\/\\\/www.werecycle.ch\\\/shop\\\/wohlbefinden-wellness\\\/koerperpflege\\\/haslinger-sandelholz-geschenkpackung-4-teilig\\\/#primaryimage\"},\"thumbnailUrl\":\"https:\\\/\\\/www.werecycle.ch\\\/wp-content\\\/uploads\\\/2023\\\/10\\\/210097.webp\",\"datePublished\":\"2023-08-11T09:41:08+00:00\",\"dateModified\":\"2024-07-18T12:15:02+00:00\",\"description\":\"Vierteliges Geschenkset f\u00fcr den gepflegten Herrn von Haslinger aus Wien: Sandelholz Duschbad & Shampoo, Rasierseife und After Shave Balsam\",\"breadcrumb\":{\"@id\":\"https:\\\/\\\/www.werecycle.ch\\\/shop\\\/wohlbefinden-wellness\\\/koerperpflege\\\/haslinger-sandelholz-geschenkpackung-4-teilig\\\/#breadcrumb\"},\"inLanguage\":\"de\",\"potentialAction\":[{\"@type\":\"ReadAction\",\"target\":[\"https:\\\/\\\/www.werecycle.ch\\\/shop\\\/wohlbefinden-wellness\\\/koerperpflege\\\/haslinger-sandelholz-geschenkpackung-4-teilig\\\/\"]}]},{\"@type\":\"ImageObject\",\"inLanguage\":\"de\",\"@id\":\"https:\\\/\\\/www.werecycle.ch\\\/shop\\\/wohlbefinden-wellness\\\/koerperpflege\\\/haslinger-sandelholz-geschenkpackung-4-teilig\\\/#primaryimage\",\"url\":\"https:\\\/\\\/www.werecycle.ch\\\/wp-content\\\/uploads\\\/2023\\\/10\\\/210097.webp\",\"contentUrl\":\"https:\\\/\\\/www.werecycle.ch\\\/wp-content\\\/uploads\\\/2023\\\/10\\\/210097.webp\",\"width\":1200,\"height\":1200},{\"@type\":\"BreadcrumbList\",\"@id\":\"https:\\\/\\\/www.werecycle.ch\\\/shop\\\/wohlbefinden-wellness\\\/koerperpflege\\\/haslinger-sandelholz-geschenkpackung-4-teilig\\\/#breadcrumb\",\"itemListElement\":[{\"@type\":\"ListItem\",\"position\":1,\"name\":\"Startseite\",\"item\":\"https:\\\/\\\/www.werecycle.ch\\\/\"},{\"@type\":\"ListItem\",\"position\":2,\"name\":\"Shop\",\"item\":\"https:\\\/\\\/www.werecycle.ch\\\/de\\\/shop\\\/\"},{\"@type\":\"ListItem\",\"position\":3,\"name\":\"Sandelholz Geschenkpackung 4-teilig\"}]},{\"@type\":\"WebSite\",\"@id\":\"https:\\\/\\\/www.werecycle.ch\\\/de\\\/#website\",\"url\":\"https:\\\/\\\/www.werecycle.ch\\\/de\\\/\",\"name\":\"WeRecycle.ch | Recycling Services AG\",\"description\":\"\",\"publisher\":{\"@id\":\"https:\\\/\\\/www.werecycle.ch\\\/de\\\/#organization\"},\"potentialAction\":[{\"@type\":\"SearchAction\",\"target\":{\"@type\":\"EntryPoint\",\"urlTemplate\":\"https:\\\/\\\/www.werecycle.ch\\\/de\\\/?s={search_term_string}\"},\"query-input\":{\"@type\":\"PropertyValueSpecification\",\"valueRequired\":true,\"valueName\":\"search_term_string\"}}],\"inLanguage\":\"de\"},{\"@type\":\"Organization\",\"@id\":\"https:\\\/\\\/www.werecycle.ch\\\/de\\\/#organization\",\"name\":\"WeRecycle.ch | Recycling Services AG\",\"url\":\"https:\\\/\\\/www.werecycle.ch\\\/de\\\/\",\"logo\":{\"@type\":\"ImageObject\",\"inLanguage\":\"de\",\"@id\":\"https:\\\/\\\/www.werecycle.ch\\\/de\\\/#\\\/schema\\\/logo\\\/image\\\/\",\"url\":\"https:\\\/\\\/www.werecycle.ch\\\/wp-content\\\/uploads\\\/2022\\\/09\\\/logo_werecycle.webp\",\"contentUrl\":\"https:\\\/\\\/www.werecycle.ch\\\/wp-content\\\/uploads\\\/2022\\\/09\\\/logo_werecycle.webp\",\"width\":1423,\"height\":427,\"caption\":\"WeRecycle.ch | Recycling Services AG\"},\"image\":{\"@id\":\"https:\\\/\\\/www.werecycle.ch\\\/de\\\/#\\\/schema\\\/logo\\\/image\\\/\"},\"sameAs\":[\"https:\\\/\\\/www.facebook.com\\\/www.werecycle.ch\"]}]}<\/script>\n<!-- \/ Yoast SEO plugin. -->","yoast_head_json":{"title":"Sandelholz Geschenkpackung 4-teilig - WeRecycle.ch | WR Group AG","description":"Vierteliges Geschenkset f\u00fcr den gepflegten Herrn von Haslinger aus Wien: Sandelholz Duschbad & Shampoo, Rasierseife und After Shave Balsam","robots":{"index":"index","follow":"follow","max-snippet":"max-snippet:-1","max-image-preview":"max-image-preview:large","max-video-preview":"max-video-preview:-1"},"canonical":"https:\/\/www.werecycle.ch\/de\/shop\/wohlbefinden-wellness\/koerperpflege\/haslinger-sandelholz-geschenkpackung-4-teilig\/","og_locale":"de_DE","og_type":"article","og_title":"Sandelholz Geschenkpackung 4-teilig - WeRecycle.ch | WR Group AG","og_description":"Vierteliges Geschenkset f\u00fcr den gepflegten Herrn von Haslinger aus Wien: Sandelholz Duschbad & Shampoo, Rasierseife und After Shave Balsam","og_url":"https:\/\/www.werecycle.ch\/de\/shop\/wohlbefinden-wellness\/koerperpflege\/haslinger-sandelholz-geschenkpackung-4-teilig\/","og_site_name":"WeRecycle.ch | WR Group AG","article_publisher":"https:\/\/www.facebook.com\/www.werecycle.ch","article_modified_time":"2024-07-18T12:15:02+00:00","og_image":[{"width":1200,"height":1200,"url":"https:\/\/www.werecycle.ch\/wp-content\/uploads\/2023\/10\/210097.webp","type":"image\/webp"}],"twitter_card":"summary_large_image","schema":{"@context":"https:\/\/schema.org","@graph":[{"@type":"WebPage","@id":"https:\/\/www.werecycle.ch\/shop\/wohlbefinden-wellness\/koerperpflege\/haslinger-sandelholz-geschenkpackung-4-teilig\/","url":"https:\/\/www.werecycle.ch\/shop\/wohlbefinden-wellness\/koerperpflege\/haslinger-sandelholz-geschenkpackung-4-teilig\/","name":"Sandelholz Geschenkpackung 4-teilig - WeRecycle.ch | WR Group AG","isPartOf":{"@id":"https:\/\/www.werecycle.ch\/de\/#website"},"primaryImageOfPage":{"@id":"https:\/\/www.werecycle.ch\/shop\/wohlbefinden-wellness\/koerperpflege\/haslinger-sandelholz-geschenkpackung-4-teilig\/#primaryimage"},"image":{"@id":"https:\/\/www.werecycle.ch\/shop\/wohlbefinden-wellness\/koerperpflege\/haslinger-sandelholz-geschenkpackung-4-teilig\/#primaryimage"},"thumbnailUrl":"https:\/\/www.werecycle.ch\/wp-content\/uploads\/2023\/10\/210097.webp","datePublished":"2023-08-11T09:41:08+00:00","dateModified":"2024-07-18T12:15:02+00:00","description":"Vierteliges Geschenkset f\u00fcr den gepflegten Herrn von Haslinger aus Wien: Sandelholz Duschbad & Shampoo, Rasierseife und After Shave Balsam","breadcrumb":{"@id":"https:\/\/www.werecycle.ch\/shop\/wohlbefinden-wellness\/koerperpflege\/haslinger-sandelholz-geschenkpackung-4-teilig\/#breadcrumb"},"inLanguage":"de","potentialAction":[{"@type":"ReadAction","target":["https:\/\/www.werecycle.ch\/shop\/wohlbefinden-wellness\/koerperpflege\/haslinger-sandelholz-geschenkpackung-4-teilig\/"]}]},{"@type":"ImageObject","inLanguage":"de","@id":"https:\/\/www.werecycle.ch\/shop\/wohlbefinden-wellness\/koerperpflege\/haslinger-sandelholz-geschenkpackung-4-teilig\/#primaryimage","url":"https:\/\/www.werecycle.ch\/wp-content\/uploads\/2023\/10\/210097.webp","contentUrl":"https:\/\/www.werecycle.ch\/wp-content\/uploads\/2023\/10\/210097.webp","width":1200,"height":1200},{"@type":"BreadcrumbList","@id":"https:\/\/www.werecycle.ch\/shop\/wohlbefinden-wellness\/koerperpflege\/haslinger-sandelholz-geschenkpackung-4-teilig\/#breadcrumb","itemListElement":[{"@type":"ListItem","position":1,"name":"Startseite","item":"https:\/\/www.werecycle.ch\/"},{"@type":"ListItem","position":2,"name":"Shop","item":"https:\/\/www.werecycle.ch\/de\/shop\/"},{"@type":"ListItem","position":3,"name":"Sandelholz Geschenkpackung 4-teilig"}]},{"@type":"WebSite","@id":"https:\/\/www.werecycle.ch\/de\/#website","url":"https:\/\/www.werecycle.ch\/de\/","name":"WeRecycle.ch | Recycling Services AG","description":"","publisher":{"@id":"https:\/\/www.werecycle.ch\/de\/#organization"},"potentialAction":[{"@type":"SearchAction","target":{"@type":"EntryPoint","urlTemplate":"https:\/\/www.werecycle.ch\/de\/?s={search_term_string}"},"query-input":{"@type":"PropertyValueSpecification","valueRequired":true,"valueName":"search_term_string"}}],"inLanguage":"de"},{"@type":"Organization","@id":"https:\/\/www.werecycle.ch\/de\/#organization","name":"WeRecycle.ch | Recycling Services AG","url":"https:\/\/www.werecycle.ch\/de\/","logo":{"@type":"ImageObject","inLanguage":"de","@id":"https:\/\/www.werecycle.ch\/de\/#\/schema\/logo\/image\/","url":"https:\/\/www.werecycle.ch\/wp-content\/uploads\/2022\/09\/logo_werecycle.webp","contentUrl":"https:\/\/www.werecycle.ch\/wp-content\/uploads\/2022\/09\/logo_werecycle.webp","width":1423,"height":427,"caption":"WeRecycle.ch | Recycling Services AG"},"image":{"@id":"https:\/\/www.werecycle.ch\/de\/#\/schema\/logo\/image\/"},"sameAs":["https:\/\/www.facebook.com\/www.werecycle.ch"]}]}},"tiered_pricing_type":"fixed","tiered_pricing_fixed_rules":[],"tiered_pricing_product_settings":{"layout":"default","base_unit_name":{"singular":null,"plural":null},"default_variation":null},"tiered_pricing_minimum_quantity":null,"tiered_pricing_roles_data":[],"tiered_pricing_percentage_rules":[],"_links":{"self":[{"href":"https:\/\/www.werecycle.ch\/de\/wp-json\/wp\/v2\/product\/12959","targetHints":{"allow":["GET"]}}],"collection":[{"href":"https:\/\/www.werecycle.ch\/de\/wp-json\/wp\/v2\/product"}],"about":[{"href":"https:\/\/www.werecycle.ch\/de\/wp-json\/wp\/v2\/types\/product"}],"wp:featuredmedia":[{"embeddable":true,"href":"https:\/\/www.werecycle.ch\/de\/wp-json\/wp\/v2\/media\/12960"}],"wp:attachment":[{"href":"https:\/\/www.werecycle.ch\/de\/wp-json\/wp\/v2\/media?parent=12959"}],"wp:term":[{"taxonomy":"product_brand","embeddable":true,"href":"https:\/\/www.werecycle.ch\/de\/wp-json\/wp\/v2\/product_brand?post=12959"},{"taxonomy":"product_cat","embeddable":true,"href":"https:\/\/www.werecycle.ch\/de\/wp-json\/wp\/v2\/product_cat?post=12959"},{"taxonomy":"product_tag","embeddable":true,"href":"https:\/\/www.werecycle.ch\/de\/wp-json\/wp\/v2\/product_tag?post=12959"}],"curies":[{"name":"wp","href":"https:\/\/api.w.org\/{rel}","templated":true}]}}