{"id":12652,"date":"2023-07-26T15:23:04","date_gmt":"2023-07-26T13:23:04","guid":{"rendered":"https:\/\/www.werecycle.ch\/?post_type=product&#038;p=12652"},"modified":"2025-07-31T12:28:51","modified_gmt":"2025-07-31T11:28:51","slug":"sanatur-zinkspirulina-acerola-90-tabletten","status":"publish","type":"product","link":"https:\/\/www.werecycle.ch\/de\/shop\/wohlbefinden-wellness\/nahrungsergaenzung\/sanatur-zinkspirulina-acerola-90-tabletten\/","title":{"rendered":"Sanatur ZinkSpirulina &amp; Acerola, 90 Tabletten"},"content":{"rendered":"<p><strong>IMMUNSYSTEM*<\/strong><br \/>\n<strong>ZinkSpirulina &amp; Acerola<\/strong><br \/>\nNahrungserg\u00e4nzungsmittel mit nat\u00fcrlichem Zink &amp; Vitamin C<\/p>\n<div>\n<p>Immunsystem und Zellschutz das sind die gemeinsamen Aufgabengebiete von Zink und Vitamin C. Die beiden N\u00e4hrstoffe sind ein eingespieltes Team und erg\u00e4nzen sich ideal in ihrer Wirkungsweise.<\/p>\n<p><strong>\u2022 100 % pflanzlich\u00a0\u00a0 \u2022 Vegan \u00a0 \u2022 Glutenfrei\u00a0\u00a0 \u2022 Laktosefrei \u00a0 \u2022 Jodfrei\u00a0\u00a0 \u2022 Pflanzliche Kapselh\u00fclle\u00a0<\/strong><br \/>\nJEDE Produktlieferung wird unabh\u00e4ngig in Deutschland kontrolliert auf: Pestizide, Schwermetalle und Mikrobiologie<\/p>\n<p><strong><img decoding=\"async\" src=\"https:\/\/shop.sanatur.de\/media\/images\/info\/SanaturQualitaet_Vegan_Shop.jpg\" alt=\"\" \/><\/strong><\/p>\n<\/div>\n<div>\n<p><strong>*Das Spurenelement Zink und Vitamin C sind Bestandteil unserer t\u00e4glichen Ern\u00e4hrung und tragen bei:<\/strong><\/p>\n<ul>\n<li><strong>zur einer normalen Funktion des Immunsystems (Zink, Vit. C)<\/strong><\/li>\n<li><strong>zum Schutz der Zellen vor oxidativem Stress (Zink, Vit. C)<\/strong><\/li>\n<li><strong>zur Verringerung von M\u00fcdigkeit und Erm\u00fcdung (Vit. C)<\/strong><\/li>\n<li><strong>zur Erhaltung normaler Knochen, Haut, Haare und N\u00e4gel (Zink)<\/strong><\/li>\n<\/ul>\n<\/div>\n<p>&nbsp;<\/p>\n<div><strong>Das Besondere an Sanatur ZinkSpirulina &amp; Acerola:<\/strong><br \/>\n&#8211;\u00a0 nat\u00fcrliche Lebensmittel als N\u00e4hrstofflieferanten<br \/>\n&#8211;\u00a0 100 % pflanzlich<br \/>\n&#8211;\u00a0 mit Vitamin C aus der Acerolakirsche<br \/>\n&#8211;\u00a0 Kapselinhalt frei von Zusatzstoffen<\/div>\n<p>&nbsp;<\/p>\n<h3><strong>PRODUKTDATEN<\/strong><\/h3>\n<p><strong>Zutaten:\u00a0<\/strong>Spirulina Mikroalgen Pulver 50 %, Acerola Fruchtpulver (Malpighia glabra L. 25 %), Hydroxypropylmethylcellulose (Kapselh\u00fclle)<br \/>\n<strong>Verzehrempfehlung:\u00a0<\/strong>2 x 2 Kapseln t\u00e4glich mit reichlich Fl\u00fcssigkeit verzehren<br \/>\n<strong>Darreichungsform:<\/strong>\u00a0pflanzliche Kapsel<br \/>\n<strong>Verpackung:<\/strong>\u00a0sch\u00fctzendes Braunglas<br \/>\nI<strong>nhalt:<\/strong>\u00a0ca. 90 Kapseln = 47 g<\/p>\n<p>&nbsp;<\/p>\n<p><img fetchpriority=\"high\" decoding=\"async\" class=\"alignnone wp-image-12655 size-full\" src=\"https:\/\/www.werecycle.ch\/wp-content\/uploads\/2023\/09\/700805-3.webp\" alt=\"\" width=\"1146\" height=\"193\" srcset=\"https:\/\/www.werecycle.ch\/wp-content\/uploads\/2023\/09\/700805-3.webp 1146w, https:\/\/www.werecycle.ch\/wp-content\/uploads\/2023\/09\/700805-3-300x51.webp 300w, https:\/\/www.werecycle.ch\/wp-content\/uploads\/2023\/09\/700805-3-1024x172.webp 1024w, https:\/\/www.werecycle.ch\/wp-content\/uploads\/2023\/09\/700805-3-768x129.webp 768w, https:\/\/www.werecycle.ch\/wp-content\/uploads\/2023\/09\/700805-3-18x3.webp 18w, https:\/\/www.werecycle.ch\/wp-content\/uploads\/2023\/09\/700805-3-504x85.webp 504w\" sizes=\"(max-width: 1146px) 100vw, 1146px\" \/><\/p>\n<p>&nbsp;<\/p>\n<p>Nahrungserg\u00e4nzungsmittel dienen nicht als Ersatz f\u00fcr eine ausgewogene und abwechslungsreiche Ern\u00e4hrung sowie eine gesunde Lebensweise. Nicht in Reichweite kleiner Kinder aufbewahren. Die empfohlene Tagesdosis darf nicht \u00fcberschritten werden. Lichtgesch\u00fctzt, k\u00fchl und trocken aufbewahren.<\/p>\n","protected":false},"excerpt":{"rendered":"<p>IMMUNSYSTEM*<br \/>\nZinkSpirulina &amp; Acerola<br \/>\nNahrungserg\u00e4nzungsmittel mit nat\u00fcrlichem Zink &amp; Vitamin C<\/p>\n","protected":false},"featured_media":12653,"template":"","meta":{"ocean_post_layout":"","ocean_both_sidebars_style":"","ocean_both_sidebars_content_width":0,"ocean_both_sidebars_sidebars_width":0,"ocean_sidebar":"0","ocean_second_sidebar":"0","ocean_disable_margins":"enable","ocean_add_body_class":"","ocean_shortcode_before_top_bar":"","ocean_shortcode_after_top_bar":"","ocean_shortcode_before_header":"","ocean_shortcode_after_header":"","ocean_has_shortcode":"","ocean_shortcode_after_title":"","ocean_shortcode_before_footer_widgets":"","ocean_shortcode_after_footer_widgets":"","ocean_shortcode_before_footer_bottom":"","ocean_shortcode_after_footer_bottom":"","ocean_display_top_bar":"default","ocean_display_header":"default","ocean_header_style":"","ocean_center_header_left_menu":"0","ocean_custom_header_template":"0","ocean_custom_logo":0,"ocean_custom_retina_logo":0,"ocean_custom_logo_max_width":0,"ocean_custom_logo_tablet_max_width":0,"ocean_custom_logo_mobile_max_width":0,"ocean_custom_logo_max_height":0,"ocean_custom_logo_tablet_max_height":0,"ocean_custom_logo_mobile_max_height":0,"ocean_header_custom_menu":"0","ocean_menu_typo_font_family":"0","ocean_menu_typo_font_subset":"","ocean_menu_typo_font_size":0,"ocean_menu_typo_font_size_tablet":0,"ocean_menu_typo_font_size_mobile":0,"ocean_menu_typo_font_size_unit":"px","ocean_menu_typo_font_weight":"","ocean_menu_typo_font_weight_tablet":"","ocean_menu_typo_font_weight_mobile":"","ocean_menu_typo_transform":"","ocean_menu_typo_transform_tablet":"","ocean_menu_typo_transform_mobile":"","ocean_menu_typo_line_height":0,"ocean_menu_typo_line_height_tablet":0,"ocean_menu_typo_line_height_mobile":0,"ocean_menu_typo_line_height_unit":"","ocean_menu_typo_spacing":0,"ocean_menu_typo_spacing_tablet":0,"ocean_menu_typo_spacing_mobile":0,"ocean_menu_typo_spacing_unit":"","ocean_menu_link_color":"","ocean_menu_link_color_hover":"","ocean_menu_link_color_active":"","ocean_menu_link_background":"","ocean_menu_link_hover_background":"","ocean_menu_link_active_background":"","ocean_menu_social_links_bg":"","ocean_menu_social_hover_links_bg":"","ocean_menu_social_links_color":"","ocean_menu_social_hover_links_color":"","ocean_disable_title":"default","ocean_disable_heading":"default","ocean_post_title":"","ocean_post_subheading":"","ocean_post_title_style":"","ocean_post_title_background_color":"","ocean_post_title_background":0,"ocean_post_title_bg_image_position":"","ocean_post_title_bg_image_attachment":"","ocean_post_title_bg_image_repeat":"","ocean_post_title_bg_image_size":"","ocean_post_title_height":0,"ocean_post_title_bg_overlay":0.5,"ocean_post_title_bg_overlay_color":"","ocean_disable_breadcrumbs":"default","ocean_breadcrumbs_color":"","ocean_breadcrumbs_separator_color":"","ocean_breadcrumbs_links_color":"","ocean_breadcrumbs_links_hover_color":"","ocean_display_footer_widgets":"default","ocean_display_footer_bottom":"default","ocean_custom_footer_template":"0","ofc_meta_disable_footer_callout":"","ofc_meta_callout_button_url":"","ofc_meta_callout_button_txt":"","ofc_meta_callout_text":"","osh_disable_topbar_sticky":"default","osh_disable_header_sticky":"default","osh_sticky_header_style":"default","osh_sticky_header_effect":"","osh_custom_sticky_logo":0,"osh_custom_retina_sticky_logo":0,"osh_custom_sticky_logo_height":0,"osh_background_color":"","osh_links_color":"","osh_links_hover_color":"","osh_links_active_color":"","osh_links_bg_color":"","osh_links_hover_bg_color":"","osh_links_active_bg_color":"","osh_menu_social_links_color":"","osh_menu_social_hover_links_color":""},"product_brand":[],"product_cat":[1274],"product_tag":[1277,1278,1285,1276,1275,1290,229,1288,1281,1223],"class_list":{"0":"post-12652","1":"product","2":"type-product","3":"status-publish","4":"has-post-thumbnail","6":"product_cat-nahrungsergaenzung","7":"product_tag-ernaehrung","8":"product_tag-gesundheit","9":"product_tag-kapseln","10":"product_tag-nahrungsergaenzung","11":"product_tag-sanatur","12":"product_tag-tabletten","13":"product_tag-vegan","14":"product_tag-vitamin-c","15":"product_tag-vitamine","16":"product_tag-zink","17":"product_shipping_class-paket","19":"entry","20":"has-media","22":"first","23":"instock","24":"taxable","25":"shipping-taxable","26":"purchasable","27":"product-type-simple","28":"col","29":"span_1_of_3","30":"owp-content-center","31":"item-entry","32":"owp-thumbs-layout-horizontal","33":"owp-btn-normal","34":"owp-tabs-layout-horizontal","35":"circle-sale"},"yoast_head":"<!-- This site is optimized with the Yoast SEO plugin v27.4 - https:\/\/yoast.com\/product\/yoast-seo-wordpress\/ -->\n<title>Sanatur ZinkSpirulina &amp; Acerola, 90 Tabletten - WeRecycle.ch | WR Group AG<\/title>\n<meta name=\"description\" content=\"Immunsystem und Zellschutz das sind die gemeinsamen Aufgabengebiete von Zink und Vitamin C. Die beiden N\u00e4hrstoffe erg\u00e4nzen sich ideal in ihrer Wirkungsweise.\" \/>\n<meta name=\"robots\" content=\"index, follow, max-snippet:-1, max-image-preview:large, max-video-preview:-1\" \/>\n<link rel=\"canonical\" href=\"https:\/\/www.werecycle.ch\/de\/shop\/wohlbefinden-wellness\/nahrungsergaenzung\/sanatur-zinkspirulina-acerola-90-tabletten\/\" \/>\n<meta property=\"og:locale\" content=\"de_DE\" \/>\n<meta property=\"og:type\" content=\"article\" \/>\n<meta property=\"og:title\" content=\"Sanatur ZinkSpirulina &amp; Acerola, 90 Tabletten - WeRecycle.ch | WR Group AG\" \/>\n<meta property=\"og:description\" content=\"Immunsystem und Zellschutz das sind die gemeinsamen Aufgabengebiete von Zink und Vitamin C. Die beiden N\u00e4hrstoffe erg\u00e4nzen sich ideal in ihrer Wirkungsweise.\" \/>\n<meta property=\"og:url\" content=\"https:\/\/www.werecycle.ch\/de\/shop\/wohlbefinden-wellness\/nahrungsergaenzung\/sanatur-zinkspirulina-acerola-90-tabletten\/\" \/>\n<meta property=\"og:site_name\" content=\"WeRecycle.ch | WR Group AG\" \/>\n<meta property=\"article:publisher\" content=\"https:\/\/www.facebook.com\/www.werecycle.ch\" \/>\n<meta property=\"article:modified_time\" content=\"2025-07-31T11:28:51+00:00\" \/>\n<meta property=\"og:image\" content=\"https:\/\/www.werecycle.ch\/wp-content\/uploads\/2023\/09\/700805.webp\" \/>\n\t<meta property=\"og:image:width\" content=\"800\" \/>\n\t<meta property=\"og:image:height\" content=\"800\" \/>\n\t<meta property=\"og:image:type\" content=\"image\/webp\" \/>\n<meta name=\"twitter:card\" content=\"summary_large_image\" \/>\n<script type=\"application\/ld+json\" class=\"yoast-schema-graph\">{\"@context\":\"https:\\\/\\\/schema.org\",\"@graph\":[{\"@type\":\"WebPage\",\"@id\":\"https:\\\/\\\/www.werecycle.ch\\\/shop\\\/wohlbefinden-wellness\\\/nahrungsergaenzung\\\/sanatur-zinkspirulina-acerola-90-tabletten\\\/\",\"url\":\"https:\\\/\\\/www.werecycle.ch\\\/shop\\\/wohlbefinden-wellness\\\/nahrungsergaenzung\\\/sanatur-zinkspirulina-acerola-90-tabletten\\\/\",\"name\":\"Sanatur ZinkSpirulina &amp; Acerola, 90 Tabletten - WeRecycle.ch | WR Group AG\",\"isPartOf\":{\"@id\":\"https:\\\/\\\/www.werecycle.ch\\\/de\\\/#website\"},\"primaryImageOfPage\":{\"@id\":\"https:\\\/\\\/www.werecycle.ch\\\/shop\\\/wohlbefinden-wellness\\\/nahrungsergaenzung\\\/sanatur-zinkspirulina-acerola-90-tabletten\\\/#primaryimage\"},\"image\":{\"@id\":\"https:\\\/\\\/www.werecycle.ch\\\/shop\\\/wohlbefinden-wellness\\\/nahrungsergaenzung\\\/sanatur-zinkspirulina-acerola-90-tabletten\\\/#primaryimage\"},\"thumbnailUrl\":\"https:\\\/\\\/www.werecycle.ch\\\/wp-content\\\/uploads\\\/2023\\\/09\\\/700805.webp\",\"datePublished\":\"2023-07-26T13:23:04+00:00\",\"dateModified\":\"2025-07-31T11:28:51+00:00\",\"description\":\"Immunsystem und Zellschutz das sind die gemeinsamen Aufgabengebiete von Zink und Vitamin C. Die beiden N\u00e4hrstoffe erg\u00e4nzen sich ideal in ihrer Wirkungsweise.\",\"breadcrumb\":{\"@id\":\"https:\\\/\\\/www.werecycle.ch\\\/shop\\\/wohlbefinden-wellness\\\/nahrungsergaenzung\\\/sanatur-zinkspirulina-acerola-90-tabletten\\\/#breadcrumb\"},\"inLanguage\":\"de\",\"potentialAction\":[{\"@type\":\"ReadAction\",\"target\":[\"https:\\\/\\\/www.werecycle.ch\\\/shop\\\/wohlbefinden-wellness\\\/nahrungsergaenzung\\\/sanatur-zinkspirulina-acerola-90-tabletten\\\/\"]}]},{\"@type\":\"ImageObject\",\"inLanguage\":\"de\",\"@id\":\"https:\\\/\\\/www.werecycle.ch\\\/shop\\\/wohlbefinden-wellness\\\/nahrungsergaenzung\\\/sanatur-zinkspirulina-acerola-90-tabletten\\\/#primaryimage\",\"url\":\"https:\\\/\\\/www.werecycle.ch\\\/wp-content\\\/uploads\\\/2023\\\/09\\\/700805.webp\",\"contentUrl\":\"https:\\\/\\\/www.werecycle.ch\\\/wp-content\\\/uploads\\\/2023\\\/09\\\/700805.webp\",\"width\":800,\"height\":800},{\"@type\":\"BreadcrumbList\",\"@id\":\"https:\\\/\\\/www.werecycle.ch\\\/shop\\\/wohlbefinden-wellness\\\/nahrungsergaenzung\\\/sanatur-zinkspirulina-acerola-90-tabletten\\\/#breadcrumb\",\"itemListElement\":[{\"@type\":\"ListItem\",\"position\":1,\"name\":\"Startseite\",\"item\":\"https:\\\/\\\/www.werecycle.ch\\\/\"},{\"@type\":\"ListItem\",\"position\":2,\"name\":\"Shop\",\"item\":\"https:\\\/\\\/www.werecycle.ch\\\/de\\\/shop\\\/\"},{\"@type\":\"ListItem\",\"position\":3,\"name\":\"Sanatur ZinkSpirulina &amp; Acerola, 90 Tabletten\"}]},{\"@type\":\"WebSite\",\"@id\":\"https:\\\/\\\/www.werecycle.ch\\\/de\\\/#website\",\"url\":\"https:\\\/\\\/www.werecycle.ch\\\/de\\\/\",\"name\":\"WeRecycle.ch | Recycling Services AG\",\"description\":\"\",\"publisher\":{\"@id\":\"https:\\\/\\\/www.werecycle.ch\\\/de\\\/#organization\"},\"potentialAction\":[{\"@type\":\"SearchAction\",\"target\":{\"@type\":\"EntryPoint\",\"urlTemplate\":\"https:\\\/\\\/www.werecycle.ch\\\/de\\\/?s={search_term_string}\"},\"query-input\":{\"@type\":\"PropertyValueSpecification\",\"valueRequired\":true,\"valueName\":\"search_term_string\"}}],\"inLanguage\":\"de\"},{\"@type\":\"Organization\",\"@id\":\"https:\\\/\\\/www.werecycle.ch\\\/de\\\/#organization\",\"name\":\"WeRecycle.ch | Recycling Services AG\",\"url\":\"https:\\\/\\\/www.werecycle.ch\\\/de\\\/\",\"logo\":{\"@type\":\"ImageObject\",\"inLanguage\":\"de\",\"@id\":\"https:\\\/\\\/www.werecycle.ch\\\/de\\\/#\\\/schema\\\/logo\\\/image\\\/\",\"url\":\"https:\\\/\\\/www.werecycle.ch\\\/wp-content\\\/uploads\\\/2022\\\/09\\\/logo_werecycle.webp\",\"contentUrl\":\"https:\\\/\\\/www.werecycle.ch\\\/wp-content\\\/uploads\\\/2022\\\/09\\\/logo_werecycle.webp\",\"width\":1423,\"height\":427,\"caption\":\"WeRecycle.ch | Recycling Services AG\"},\"image\":{\"@id\":\"https:\\\/\\\/www.werecycle.ch\\\/de\\\/#\\\/schema\\\/logo\\\/image\\\/\"},\"sameAs\":[\"https:\\\/\\\/www.facebook.com\\\/www.werecycle.ch\"]}]}<\/script>\n<!-- \/ Yoast SEO plugin. -->","yoast_head_json":{"title":"Sanatur ZinkSpirulina &amp; Acerola, 90 Tabletten - WeRecycle.ch | WR Group AG","description":"Immunsystem und Zellschutz das sind die gemeinsamen Aufgabengebiete von Zink und Vitamin C. Die beiden N\u00e4hrstoffe erg\u00e4nzen sich ideal in ihrer Wirkungsweise.","robots":{"index":"index","follow":"follow","max-snippet":"max-snippet:-1","max-image-preview":"max-image-preview:large","max-video-preview":"max-video-preview:-1"},"canonical":"https:\/\/www.werecycle.ch\/de\/shop\/wohlbefinden-wellness\/nahrungsergaenzung\/sanatur-zinkspirulina-acerola-90-tabletten\/","og_locale":"de_DE","og_type":"article","og_title":"Sanatur ZinkSpirulina &amp; Acerola, 90 Tabletten - WeRecycle.ch | WR Group AG","og_description":"Immunsystem und Zellschutz das sind die gemeinsamen Aufgabengebiete von Zink und Vitamin C. Die beiden N\u00e4hrstoffe erg\u00e4nzen sich ideal in ihrer Wirkungsweise.","og_url":"https:\/\/www.werecycle.ch\/de\/shop\/wohlbefinden-wellness\/nahrungsergaenzung\/sanatur-zinkspirulina-acerola-90-tabletten\/","og_site_name":"WeRecycle.ch | WR Group AG","article_publisher":"https:\/\/www.facebook.com\/www.werecycle.ch","article_modified_time":"2025-07-31T11:28:51+00:00","og_image":[{"width":800,"height":800,"url":"https:\/\/www.werecycle.ch\/wp-content\/uploads\/2023\/09\/700805.webp","type":"image\/webp"}],"twitter_card":"summary_large_image","schema":{"@context":"https:\/\/schema.org","@graph":[{"@type":"WebPage","@id":"https:\/\/www.werecycle.ch\/shop\/wohlbefinden-wellness\/nahrungsergaenzung\/sanatur-zinkspirulina-acerola-90-tabletten\/","url":"https:\/\/www.werecycle.ch\/shop\/wohlbefinden-wellness\/nahrungsergaenzung\/sanatur-zinkspirulina-acerola-90-tabletten\/","name":"Sanatur ZinkSpirulina &amp; Acerola, 90 Tabletten - WeRecycle.ch | WR Group AG","isPartOf":{"@id":"https:\/\/www.werecycle.ch\/de\/#website"},"primaryImageOfPage":{"@id":"https:\/\/www.werecycle.ch\/shop\/wohlbefinden-wellness\/nahrungsergaenzung\/sanatur-zinkspirulina-acerola-90-tabletten\/#primaryimage"},"image":{"@id":"https:\/\/www.werecycle.ch\/shop\/wohlbefinden-wellness\/nahrungsergaenzung\/sanatur-zinkspirulina-acerola-90-tabletten\/#primaryimage"},"thumbnailUrl":"https:\/\/www.werecycle.ch\/wp-content\/uploads\/2023\/09\/700805.webp","datePublished":"2023-07-26T13:23:04+00:00","dateModified":"2025-07-31T11:28:51+00:00","description":"Immunsystem und Zellschutz das sind die gemeinsamen Aufgabengebiete von Zink und Vitamin C. Die beiden N\u00e4hrstoffe erg\u00e4nzen sich ideal in ihrer Wirkungsweise.","breadcrumb":{"@id":"https:\/\/www.werecycle.ch\/shop\/wohlbefinden-wellness\/nahrungsergaenzung\/sanatur-zinkspirulina-acerola-90-tabletten\/#breadcrumb"},"inLanguage":"de","potentialAction":[{"@type":"ReadAction","target":["https:\/\/www.werecycle.ch\/shop\/wohlbefinden-wellness\/nahrungsergaenzung\/sanatur-zinkspirulina-acerola-90-tabletten\/"]}]},{"@type":"ImageObject","inLanguage":"de","@id":"https:\/\/www.werecycle.ch\/shop\/wohlbefinden-wellness\/nahrungsergaenzung\/sanatur-zinkspirulina-acerola-90-tabletten\/#primaryimage","url":"https:\/\/www.werecycle.ch\/wp-content\/uploads\/2023\/09\/700805.webp","contentUrl":"https:\/\/www.werecycle.ch\/wp-content\/uploads\/2023\/09\/700805.webp","width":800,"height":800},{"@type":"BreadcrumbList","@id":"https:\/\/www.werecycle.ch\/shop\/wohlbefinden-wellness\/nahrungsergaenzung\/sanatur-zinkspirulina-acerola-90-tabletten\/#breadcrumb","itemListElement":[{"@type":"ListItem","position":1,"name":"Startseite","item":"https:\/\/www.werecycle.ch\/"},{"@type":"ListItem","position":2,"name":"Shop","item":"https:\/\/www.werecycle.ch\/de\/shop\/"},{"@type":"ListItem","position":3,"name":"Sanatur ZinkSpirulina &amp; Acerola, 90 Tabletten"}]},{"@type":"WebSite","@id":"https:\/\/www.werecycle.ch\/de\/#website","url":"https:\/\/www.werecycle.ch\/de\/","name":"WeRecycle.ch | Recycling Services AG","description":"","publisher":{"@id":"https:\/\/www.werecycle.ch\/de\/#organization"},"potentialAction":[{"@type":"SearchAction","target":{"@type":"EntryPoint","urlTemplate":"https:\/\/www.werecycle.ch\/de\/?s={search_term_string}"},"query-input":{"@type":"PropertyValueSpecification","valueRequired":true,"valueName":"search_term_string"}}],"inLanguage":"de"},{"@type":"Organization","@id":"https:\/\/www.werecycle.ch\/de\/#organization","name":"WeRecycle.ch | Recycling Services AG","url":"https:\/\/www.werecycle.ch\/de\/","logo":{"@type":"ImageObject","inLanguage":"de","@id":"https:\/\/www.werecycle.ch\/de\/#\/schema\/logo\/image\/","url":"https:\/\/www.werecycle.ch\/wp-content\/uploads\/2022\/09\/logo_werecycle.webp","contentUrl":"https:\/\/www.werecycle.ch\/wp-content\/uploads\/2022\/09\/logo_werecycle.webp","width":1423,"height":427,"caption":"WeRecycle.ch | Recycling Services AG"},"image":{"@id":"https:\/\/www.werecycle.ch\/de\/#\/schema\/logo\/image\/"},"sameAs":["https:\/\/www.facebook.com\/www.werecycle.ch"]}]}},"tiered_pricing_type":"fixed","tiered_pricing_fixed_rules":[],"tiered_pricing_product_settings":{"layout":"default","base_unit_name":{"singular":null,"plural":null},"default_variation":null},"tiered_pricing_minimum_quantity":null,"tiered_pricing_roles_data":[],"tiered_pricing_percentage_rules":[],"_links":{"self":[{"href":"https:\/\/www.werecycle.ch\/de\/wp-json\/wp\/v2\/product\/12652","targetHints":{"allow":["GET"]}}],"collection":[{"href":"https:\/\/www.werecycle.ch\/de\/wp-json\/wp\/v2\/product"}],"about":[{"href":"https:\/\/www.werecycle.ch\/de\/wp-json\/wp\/v2\/types\/product"}],"wp:featuredmedia":[{"embeddable":true,"href":"https:\/\/www.werecycle.ch\/de\/wp-json\/wp\/v2\/media\/12653"}],"wp:attachment":[{"href":"https:\/\/www.werecycle.ch\/de\/wp-json\/wp\/v2\/media?parent=12652"}],"wp:term":[{"taxonomy":"product_brand","embeddable":true,"href":"https:\/\/www.werecycle.ch\/de\/wp-json\/wp\/v2\/product_brand?post=12652"},{"taxonomy":"product_cat","embeddable":true,"href":"https:\/\/www.werecycle.ch\/de\/wp-json\/wp\/v2\/product_cat?post=12652"},{"taxonomy":"product_tag","embeddable":true,"href":"https:\/\/www.werecycle.ch\/de\/wp-json\/wp\/v2\/product_tag?post=12652"}],"curies":[{"name":"wp","href":"https:\/\/api.w.org\/{rel}","templated":true}]}}