{"id":12308,"date":"2023-09-15T15:12:10","date_gmt":"2023-09-15T13:12:10","guid":{"rendered":"https:\/\/www.werecycle.ch\/?post_type=product&#038;p=12308"},"modified":"2026-03-24T08:40:16","modified_gmt":"2026-03-24T07:40:16","slug":"nuts-bienenwachs-refresh-diy-kit","status":"publish","type":"product","link":"https:\/\/www.werecycle.ch\/de\/shop\/haushalt-wohnen\/aufbewahrung\/nuts-bienenwachs-refresh-diy-kit\/","title":{"rendered":"Bienenwachs Refresh &amp; DIY Kit"},"content":{"rendered":"<p>Die Bienenwachsmischung besteht aus Bio-Bienenwachs, Kokos\u00f6l und Baumharz Speziell f\u00fcr das Bewachsen und Auffrischen von Baumwolltextilien konzipiert. Die Inhaltsstoffe sind lebebensmittelecht, biologisch und frei von Pestiziden.<\/p>\n<p>Reparieren: Bienenwachst\u00fccher halten bei guter Pflege ca 1 Jahr. Durch eine regelm\u00e4ssige Nutzung und Reinigung, verlieren Bienenwachst\u00fccher mit zunehmender Dauer an Haftung. Mit der Repair-Wachsmischung kann diese einfach wieder hergestellt werden.<\/p>\n<p>Herstellen: F\u00fcr die Herstellung eigener Bienenwachst\u00fccher ben\u00f6tigts man nur 1 St\u00fcck (5 Gramm) der Repair-Tafel Bienenwachsmischung pro 150-300cm2 Baumwolltuch. Die genaue Menge h\u00e4ngt vom Gewicht des Tuches ab. Zum Herstellen von eigenen Bienenwachst\u00fcchern empfehlen wir unbedruckten, sehr d\u00fcnnen Bio-Baumwollstoff ohne Kunstfasern.<\/p>\n<p>&nbsp;<\/p>\n<p>Anwendung:<\/p>\n<p>Im Backofen:<br \/>\nBackofen auf 80\u00b0C vorheizen Backpapier auf das Backblech legen und das zu reparierende Wachstuch bzw. neue Baumwolltuch darauf legen. Mit einer K\u00e4sereibe die Bienenwachsmischung auf das Tuch reiben und gleichm\u00e4ssig verteilen. 5 min backen Das Backblech aus dem Ofen nehmen und den fl\u00fcssigen Wachs mit einem Pinsel gleichm\u00e4ssig verteilen. Abk\u00fchlen lassen und fertig!<\/p>\n<p>Mit dem B\u00fcgeleisen:<br \/>\nBackpapier auf eine flache Oberfl\u00e4che legen, das Wachstuch bzw. Baumwolltuch darauf legen. Mit einer K\u00e4sereibe die Bienenwachsmischung auf das Tuch reiben und gleichm\u00e4ssig verteilen und ein 2. Backpapier darauf platzieren. Die Bienenwachmischung mit dem B\u00fcgeleisen einb\u00fcgeln. Abk\u00fchlen lassen, das Backpapier entfernen und fertig!<\/p>\n","protected":false},"excerpt":{"rendered":"<p>Bienenwachsmischung zum Reparieren von gebrauchten Bienenwachst\u00fccher und zum Herstellen von eigenen Bienenwachst\u00fcchern.<\/p>\n","protected":false},"featured_media":12311,"template":"","meta":{"ocean_post_layout":"","ocean_both_sidebars_style":"","ocean_both_sidebars_content_width":0,"ocean_both_sidebars_sidebars_width":0,"ocean_sidebar":"0","ocean_second_sidebar":"0","ocean_disable_margins":"enable","ocean_add_body_class":"","ocean_shortcode_before_top_bar":"","ocean_shortcode_after_top_bar":"","ocean_shortcode_before_header":"","ocean_shortcode_after_header":"","ocean_has_shortcode":"","ocean_shortcode_after_title":"","ocean_shortcode_before_footer_widgets":"","ocean_shortcode_after_footer_widgets":"","ocean_shortcode_before_footer_bottom":"","ocean_shortcode_after_footer_bottom":"","ocean_display_top_bar":"default","ocean_display_header":"default","ocean_header_style":"","ocean_center_header_left_menu":"0","ocean_custom_header_template":"0","ocean_custom_logo":0,"ocean_custom_retina_logo":0,"ocean_custom_logo_max_width":0,"ocean_custom_logo_tablet_max_width":0,"ocean_custom_logo_mobile_max_width":0,"ocean_custom_logo_max_height":0,"ocean_custom_logo_tablet_max_height":0,"ocean_custom_logo_mobile_max_height":0,"ocean_header_custom_menu":"0","ocean_menu_typo_font_family":"0","ocean_menu_typo_font_subset":"","ocean_menu_typo_font_size":0,"ocean_menu_typo_font_size_tablet":0,"ocean_menu_typo_font_size_mobile":0,"ocean_menu_typo_font_size_unit":"px","ocean_menu_typo_font_weight":"","ocean_menu_typo_font_weight_tablet":"","ocean_menu_typo_font_weight_mobile":"","ocean_menu_typo_transform":"","ocean_menu_typo_transform_tablet":"","ocean_menu_typo_transform_mobile":"","ocean_menu_typo_line_height":0,"ocean_menu_typo_line_height_tablet":0,"ocean_menu_typo_line_height_mobile":0,"ocean_menu_typo_line_height_unit":"","ocean_menu_typo_spacing":0,"ocean_menu_typo_spacing_tablet":0,"ocean_menu_typo_spacing_mobile":0,"ocean_menu_typo_spacing_unit":"","ocean_menu_link_color":"","ocean_menu_link_color_hover":"","ocean_menu_link_color_active":"","ocean_menu_link_background":"","ocean_menu_link_hover_background":"","ocean_menu_link_active_background":"","ocean_menu_social_links_bg":"","ocean_menu_social_hover_links_bg":"","ocean_menu_social_links_color":"","ocean_menu_social_hover_links_color":"","ocean_disable_title":"default","ocean_disable_heading":"default","ocean_post_title":"","ocean_post_subheading":"","ocean_post_title_style":"","ocean_post_title_background_color":"","ocean_post_title_background":0,"ocean_post_title_bg_image_position":"","ocean_post_title_bg_image_attachment":"","ocean_post_title_bg_image_repeat":"","ocean_post_title_bg_image_size":"","ocean_post_title_height":0,"ocean_post_title_bg_overlay":0.5,"ocean_post_title_bg_overlay_color":"","ocean_disable_breadcrumbs":"default","ocean_breadcrumbs_color":"","ocean_breadcrumbs_separator_color":"","ocean_breadcrumbs_links_color":"","ocean_breadcrumbs_links_hover_color":"","ocean_display_footer_widgets":"default","ocean_display_footer_bottom":"default","ocean_custom_footer_template":"0","ofc_meta_disable_footer_callout":"","ofc_meta_callout_button_url":"","ofc_meta_callout_button_txt":"","ofc_meta_callout_text":"","osh_disable_topbar_sticky":"default","osh_disable_header_sticky":"default","osh_sticky_header_style":"default","osh_sticky_header_effect":"","osh_custom_sticky_logo":0,"osh_custom_retina_sticky_logo":0,"osh_custom_sticky_logo_height":0,"osh_background_color":"","osh_links_color":"","osh_links_hover_color":"","osh_links_active_color":"","osh_links_bg_color":"","osh_links_hover_bg_color":"","osh_links_active_bg_color":"","osh_menu_social_links_color":"","osh_menu_social_hover_links_color":""},"product_brand":[],"product_cat":[62],"product_tag":[781,463,1218,1024,1219,1220],"class_list":{"0":"post-12308","1":"product","2":"type-product","3":"status-publish","4":"has-post-thumbnail","6":"product_cat-aufbewahrung","7":"product_tag-bienenwachs","8":"product_tag-bienenwachstuch","9":"product_tag-diy","10":"product_tag-nuts","11":"product_tag-reparatur","12":"product_tag-reparieren","14":"entry","15":"has-media","17":"first","18":"instock","19":"taxable","20":"shipping-taxable","21":"purchasable","22":"product-type-simple","23":"col","24":"span_1_of_3","25":"owp-content-center","26":"item-entry","27":"owp-thumbs-layout-horizontal","28":"owp-btn-normal","29":"owp-tabs-layout-horizontal","30":"circle-sale"},"yoast_head":"<!-- This site is optimized with the Yoast SEO plugin v27.5 - https:\/\/yoast.com\/product\/yoast-seo-wordpress\/ -->\n<title>Bienenwachs Refresh &amp; DIY Kit - WeRecycle.ch | WR Group AG<\/title>\n<meta name=\"description\" content=\"Bienenwachsmischung zum Reparieren von gebrauchten Bienenwachst\u00fcchern und zum Herstellen von eigenen Bienenwachst\u00fcchern. 60 Gramm reiner Bienenwachs.\" \/>\n<meta name=\"robots\" content=\"index, follow, max-snippet:-1, max-image-preview:large, max-video-preview:-1\" \/>\n<link rel=\"canonical\" href=\"https:\/\/www.werecycle.ch\/de\/shop\/haushalt-wohnen\/aufbewahrung\/nuts-bienenwachs-refresh-diy-kit\/\" \/>\n<meta property=\"og:locale\" content=\"de_DE\" \/>\n<meta property=\"og:type\" content=\"article\" \/>\n<meta property=\"og:title\" content=\"Bienenwachs Refresh &amp; DIY Kit - WeRecycle.ch | WR Group AG\" \/>\n<meta property=\"og:description\" content=\"Bienenwachsmischung zum Reparieren von gebrauchten Bienenwachst\u00fcchern und zum Herstellen von eigenen Bienenwachst\u00fcchern. 60 Gramm reiner Bienenwachs.\" \/>\n<meta property=\"og:url\" content=\"https:\/\/www.werecycle.ch\/de\/shop\/haushalt-wohnen\/aufbewahrung\/nuts-bienenwachs-refresh-diy-kit\/\" \/>\n<meta property=\"og:site_name\" content=\"WeRecycle.ch | WR Group AG\" \/>\n<meta property=\"article:publisher\" content=\"https:\/\/www.facebook.com\/www.werecycle.ch\" \/>\n<meta property=\"article:modified_time\" content=\"2026-03-24T07:40:16+00:00\" \/>\n<meta property=\"og:image\" content=\"https:\/\/www.werecycle.ch\/wp-content\/uploads\/2023\/09\/433356.webp\" \/>\n\t<meta property=\"og:image:width\" content=\"1000\" \/>\n\t<meta property=\"og:image:height\" content=\"1000\" \/>\n\t<meta property=\"og:image:type\" content=\"image\/webp\" \/>\n<meta name=\"twitter:card\" content=\"summary_large_image\" \/>\n<script type=\"application\/ld+json\" class=\"yoast-schema-graph\">{\"@context\":\"https:\\\/\\\/schema.org\",\"@graph\":[{\"@type\":\"WebPage\",\"@id\":\"https:\\\/\\\/www.werecycle.ch\\\/shop\\\/haushalt-wohnen\\\/aufbewahrung\\\/nuts-bienenwachs-refresh-diy-kit\\\/\",\"url\":\"https:\\\/\\\/www.werecycle.ch\\\/shop\\\/haushalt-wohnen\\\/aufbewahrung\\\/nuts-bienenwachs-refresh-diy-kit\\\/\",\"name\":\"Bienenwachs Refresh &amp; DIY Kit - WeRecycle.ch | WR Group AG\",\"isPartOf\":{\"@id\":\"https:\\\/\\\/www.werecycle.ch\\\/de\\\/#website\"},\"primaryImageOfPage\":{\"@id\":\"https:\\\/\\\/www.werecycle.ch\\\/shop\\\/haushalt-wohnen\\\/aufbewahrung\\\/nuts-bienenwachs-refresh-diy-kit\\\/#primaryimage\"},\"image\":{\"@id\":\"https:\\\/\\\/www.werecycle.ch\\\/shop\\\/haushalt-wohnen\\\/aufbewahrung\\\/nuts-bienenwachs-refresh-diy-kit\\\/#primaryimage\"},\"thumbnailUrl\":\"https:\\\/\\\/www.werecycle.ch\\\/wp-content\\\/uploads\\\/2023\\\/09\\\/433356.webp\",\"datePublished\":\"2023-09-15T13:12:10+00:00\",\"dateModified\":\"2026-03-24T07:40:16+00:00\",\"description\":\"Bienenwachsmischung zum Reparieren von gebrauchten Bienenwachst\u00fcchern und zum Herstellen von eigenen Bienenwachst\u00fcchern. 60 Gramm reiner Bienenwachs.\",\"breadcrumb\":{\"@id\":\"https:\\\/\\\/www.werecycle.ch\\\/shop\\\/haushalt-wohnen\\\/aufbewahrung\\\/nuts-bienenwachs-refresh-diy-kit\\\/#breadcrumb\"},\"inLanguage\":\"de\",\"potentialAction\":[{\"@type\":\"ReadAction\",\"target\":[\"https:\\\/\\\/www.werecycle.ch\\\/shop\\\/haushalt-wohnen\\\/aufbewahrung\\\/nuts-bienenwachs-refresh-diy-kit\\\/\"]}]},{\"@type\":\"ImageObject\",\"inLanguage\":\"de\",\"@id\":\"https:\\\/\\\/www.werecycle.ch\\\/shop\\\/haushalt-wohnen\\\/aufbewahrung\\\/nuts-bienenwachs-refresh-diy-kit\\\/#primaryimage\",\"url\":\"https:\\\/\\\/www.werecycle.ch\\\/wp-content\\\/uploads\\\/2023\\\/09\\\/433356.webp\",\"contentUrl\":\"https:\\\/\\\/www.werecycle.ch\\\/wp-content\\\/uploads\\\/2023\\\/09\\\/433356.webp\",\"width\":1000,\"height\":1000},{\"@type\":\"BreadcrumbList\",\"@id\":\"https:\\\/\\\/www.werecycle.ch\\\/shop\\\/haushalt-wohnen\\\/aufbewahrung\\\/nuts-bienenwachs-refresh-diy-kit\\\/#breadcrumb\",\"itemListElement\":[{\"@type\":\"ListItem\",\"position\":1,\"name\":\"Startseite\",\"item\":\"https:\\\/\\\/www.werecycle.ch\\\/\"},{\"@type\":\"ListItem\",\"position\":2,\"name\":\"Shop\",\"item\":\"https:\\\/\\\/www.werecycle.ch\\\/de\\\/shop\\\/\"},{\"@type\":\"ListItem\",\"position\":3,\"name\":\"Bienenwachs Refresh &amp; DIY Kit\"}]},{\"@type\":\"WebSite\",\"@id\":\"https:\\\/\\\/www.werecycle.ch\\\/de\\\/#website\",\"url\":\"https:\\\/\\\/www.werecycle.ch\\\/de\\\/\",\"name\":\"WeRecycle.ch | Recycling Services AG\",\"description\":\"\",\"publisher\":{\"@id\":\"https:\\\/\\\/www.werecycle.ch\\\/de\\\/#organization\"},\"potentialAction\":[{\"@type\":\"SearchAction\",\"target\":{\"@type\":\"EntryPoint\",\"urlTemplate\":\"https:\\\/\\\/www.werecycle.ch\\\/de\\\/?s={search_term_string}\"},\"query-input\":{\"@type\":\"PropertyValueSpecification\",\"valueRequired\":true,\"valueName\":\"search_term_string\"}}],\"inLanguage\":\"de\"},{\"@type\":\"Organization\",\"@id\":\"https:\\\/\\\/www.werecycle.ch\\\/de\\\/#organization\",\"name\":\"WeRecycle.ch | Recycling Services AG\",\"url\":\"https:\\\/\\\/www.werecycle.ch\\\/de\\\/\",\"logo\":{\"@type\":\"ImageObject\",\"inLanguage\":\"de\",\"@id\":\"https:\\\/\\\/www.werecycle.ch\\\/de\\\/#\\\/schema\\\/logo\\\/image\\\/\",\"url\":\"https:\\\/\\\/www.werecycle.ch\\\/wp-content\\\/uploads\\\/2022\\\/09\\\/logo_werecycle.webp\",\"contentUrl\":\"https:\\\/\\\/www.werecycle.ch\\\/wp-content\\\/uploads\\\/2022\\\/09\\\/logo_werecycle.webp\",\"width\":1423,\"height\":427,\"caption\":\"WeRecycle.ch | Recycling Services AG\"},\"image\":{\"@id\":\"https:\\\/\\\/www.werecycle.ch\\\/de\\\/#\\\/schema\\\/logo\\\/image\\\/\"},\"sameAs\":[\"https:\\\/\\\/www.facebook.com\\\/www.werecycle.ch\"]}]}<\/script>\n<!-- \/ Yoast SEO plugin. -->","yoast_head_json":{"title":"Bienenwachs Refresh &amp; DIY Kit - WeRecycle.ch | WR Group AG","description":"Bienenwachsmischung zum Reparieren von gebrauchten Bienenwachst\u00fcchern und zum Herstellen von eigenen Bienenwachst\u00fcchern. 60 Gramm reiner Bienenwachs.","robots":{"index":"index","follow":"follow","max-snippet":"max-snippet:-1","max-image-preview":"max-image-preview:large","max-video-preview":"max-video-preview:-1"},"canonical":"https:\/\/www.werecycle.ch\/de\/shop\/haushalt-wohnen\/aufbewahrung\/nuts-bienenwachs-refresh-diy-kit\/","og_locale":"de_DE","og_type":"article","og_title":"Bienenwachs Refresh &amp; DIY Kit - WeRecycle.ch | WR Group AG","og_description":"Bienenwachsmischung zum Reparieren von gebrauchten Bienenwachst\u00fcchern und zum Herstellen von eigenen Bienenwachst\u00fcchern. 60 Gramm reiner Bienenwachs.","og_url":"https:\/\/www.werecycle.ch\/de\/shop\/haushalt-wohnen\/aufbewahrung\/nuts-bienenwachs-refresh-diy-kit\/","og_site_name":"WeRecycle.ch | WR Group AG","article_publisher":"https:\/\/www.facebook.com\/www.werecycle.ch","article_modified_time":"2026-03-24T07:40:16+00:00","og_image":[{"width":1000,"height":1000,"url":"https:\/\/www.werecycle.ch\/wp-content\/uploads\/2023\/09\/433356.webp","type":"image\/webp"}],"twitter_card":"summary_large_image","schema":{"@context":"https:\/\/schema.org","@graph":[{"@type":"WebPage","@id":"https:\/\/www.werecycle.ch\/shop\/haushalt-wohnen\/aufbewahrung\/nuts-bienenwachs-refresh-diy-kit\/","url":"https:\/\/www.werecycle.ch\/shop\/haushalt-wohnen\/aufbewahrung\/nuts-bienenwachs-refresh-diy-kit\/","name":"Bienenwachs Refresh &amp; DIY Kit - WeRecycle.ch | WR Group AG","isPartOf":{"@id":"https:\/\/www.werecycle.ch\/de\/#website"},"primaryImageOfPage":{"@id":"https:\/\/www.werecycle.ch\/shop\/haushalt-wohnen\/aufbewahrung\/nuts-bienenwachs-refresh-diy-kit\/#primaryimage"},"image":{"@id":"https:\/\/www.werecycle.ch\/shop\/haushalt-wohnen\/aufbewahrung\/nuts-bienenwachs-refresh-diy-kit\/#primaryimage"},"thumbnailUrl":"https:\/\/www.werecycle.ch\/wp-content\/uploads\/2023\/09\/433356.webp","datePublished":"2023-09-15T13:12:10+00:00","dateModified":"2026-03-24T07:40:16+00:00","description":"Bienenwachsmischung zum Reparieren von gebrauchten Bienenwachst\u00fcchern und zum Herstellen von eigenen Bienenwachst\u00fcchern. 60 Gramm reiner Bienenwachs.","breadcrumb":{"@id":"https:\/\/www.werecycle.ch\/shop\/haushalt-wohnen\/aufbewahrung\/nuts-bienenwachs-refresh-diy-kit\/#breadcrumb"},"inLanguage":"de","potentialAction":[{"@type":"ReadAction","target":["https:\/\/www.werecycle.ch\/shop\/haushalt-wohnen\/aufbewahrung\/nuts-bienenwachs-refresh-diy-kit\/"]}]},{"@type":"ImageObject","inLanguage":"de","@id":"https:\/\/www.werecycle.ch\/shop\/haushalt-wohnen\/aufbewahrung\/nuts-bienenwachs-refresh-diy-kit\/#primaryimage","url":"https:\/\/www.werecycle.ch\/wp-content\/uploads\/2023\/09\/433356.webp","contentUrl":"https:\/\/www.werecycle.ch\/wp-content\/uploads\/2023\/09\/433356.webp","width":1000,"height":1000},{"@type":"BreadcrumbList","@id":"https:\/\/www.werecycle.ch\/shop\/haushalt-wohnen\/aufbewahrung\/nuts-bienenwachs-refresh-diy-kit\/#breadcrumb","itemListElement":[{"@type":"ListItem","position":1,"name":"Startseite","item":"https:\/\/www.werecycle.ch\/"},{"@type":"ListItem","position":2,"name":"Shop","item":"https:\/\/www.werecycle.ch\/de\/shop\/"},{"@type":"ListItem","position":3,"name":"Bienenwachs Refresh &amp; DIY Kit"}]},{"@type":"WebSite","@id":"https:\/\/www.werecycle.ch\/de\/#website","url":"https:\/\/www.werecycle.ch\/de\/","name":"WeRecycle.ch | Recycling Services AG","description":"","publisher":{"@id":"https:\/\/www.werecycle.ch\/de\/#organization"},"potentialAction":[{"@type":"SearchAction","target":{"@type":"EntryPoint","urlTemplate":"https:\/\/www.werecycle.ch\/de\/?s={search_term_string}"},"query-input":{"@type":"PropertyValueSpecification","valueRequired":true,"valueName":"search_term_string"}}],"inLanguage":"de"},{"@type":"Organization","@id":"https:\/\/www.werecycle.ch\/de\/#organization","name":"WeRecycle.ch | Recycling Services AG","url":"https:\/\/www.werecycle.ch\/de\/","logo":{"@type":"ImageObject","inLanguage":"de","@id":"https:\/\/www.werecycle.ch\/de\/#\/schema\/logo\/image\/","url":"https:\/\/www.werecycle.ch\/wp-content\/uploads\/2022\/09\/logo_werecycle.webp","contentUrl":"https:\/\/www.werecycle.ch\/wp-content\/uploads\/2022\/09\/logo_werecycle.webp","width":1423,"height":427,"caption":"WeRecycle.ch | Recycling Services AG"},"image":{"@id":"https:\/\/www.werecycle.ch\/de\/#\/schema\/logo\/image\/"},"sameAs":["https:\/\/www.facebook.com\/www.werecycle.ch"]}]}},"tiered_pricing_type":"fixed","tiered_pricing_fixed_rules":[],"tiered_pricing_product_settings":{"layout":"default","base_unit_name":{"singular":null,"plural":null},"default_variation":null},"tiered_pricing_minimum_quantity":null,"tiered_pricing_roles_data":[],"tiered_pricing_percentage_rules":[],"_links":{"self":[{"href":"https:\/\/www.werecycle.ch\/de\/wp-json\/wp\/v2\/product\/12308","targetHints":{"allow":["GET"]}}],"collection":[{"href":"https:\/\/www.werecycle.ch\/de\/wp-json\/wp\/v2\/product"}],"about":[{"href":"https:\/\/www.werecycle.ch\/de\/wp-json\/wp\/v2\/types\/product"}],"wp:featuredmedia":[{"embeddable":true,"href":"https:\/\/www.werecycle.ch\/de\/wp-json\/wp\/v2\/media\/12311"}],"wp:attachment":[{"href":"https:\/\/www.werecycle.ch\/de\/wp-json\/wp\/v2\/media?parent=12308"}],"wp:term":[{"taxonomy":"product_brand","embeddable":true,"href":"https:\/\/www.werecycle.ch\/de\/wp-json\/wp\/v2\/product_brand?post=12308"},{"taxonomy":"product_cat","embeddable":true,"href":"https:\/\/www.werecycle.ch\/de\/wp-json\/wp\/v2\/product_cat?post=12308"},{"taxonomy":"product_tag","embeddable":true,"href":"https:\/\/www.werecycle.ch\/de\/wp-json\/wp\/v2\/product_tag?post=12308"}],"curies":[{"name":"wp","href":"https:\/\/api.w.org\/{rel}","templated":true}]}}