{"id":11461,"date":"2023-05-03T15:06:26","date_gmt":"2023-05-03T14:06:26","guid":{"rendered":"https:\/\/www.werecycle.ch\/?post_type=product&#038;p=11461"},"modified":"2024-07-23T13:40:05","modified_gmt":"2024-07-23T12:40:05","slug":"bokashi-komposter-organko","status":"publish","type":"product","link":"https:\/\/www.werecycle.ch\/de\/shop\/recycling-entsorgung\/abfalleimer\/bokashi-komposter-organko\/","title":{"rendered":"Bokashi Komposter Organko"},"content":{"rendered":"<p class=\"ProductDescription-Lead\">Der Bokashi Organko 2 ist ein K\u00fcchenkompostbeh\u00e4lter der n\u00e4chsten Generation und mehr als nur ein K\u00fcchenhelfer. Mit seiner Form erleichtert und verbessert er nachhaltiges Verhalten in jedem Haushalt. Der kompakt gestaltete Kompostbeh\u00e4lter ist mit seinem Design mit jeder K\u00fcche kompatibel. Nutze ihn am bequemsten Ort \u2013 auf dem K\u00fcchenpult.<\/p>\n<p>&nbsp;<\/p>\n<ul class=\"cds-List cds-List--Bulleted\">\n<li>2 Kompostbeh\u00e4lter<\/li>\n<li>1 Terra Preta Bokashi (Biogene Streu)<\/li>\n<li>Volumen: 9.6 l<\/li>\n<li>Hergestellt aus recycelten, umweltfreundlichen Materialien<\/li>\n<li>Geeignet f\u00fcr fast alle biologischen Abf\u00e4lle<\/li>\n<li>Nebenprodukt Fermentationsfl\u00fcssigkeit zur Reinigung von Rohren und als Nahrung f\u00fcr Topfpflanzen<\/li>\n<\/ul>\n<p>&nbsp;<\/p>\n<div class=\"ProductDescription-Paragraph\">\n<h4 class=\"ProductDescription-ParagraphTitle\">Ideale Fermentation mit zwei Beh\u00e4ltern<\/h4>\n<p>Das Set aus zwei Abfallk\u00fcbeln erm\u00f6glicht, dass in einem Beh\u00e4lter der Fermentationsprozess vollst\u00e4ndig abgeschlossen werden kann, was Dir eine erstklassige Kompostgrundlage gew\u00e4hrleistet. W\u00e4hrenddem k\u00f6nnen Sie den anderen Beh\u00e4lter f\u00fcr frische Abf\u00e4lle verwenden. Du kannst darin fast alle biologischen Abf\u00e4lle kompostieren. Die nicht verd\u00fcnnte Fermentationsfl\u00fcssigkeit ist zur Instandhaltung von Abflussrohren und Reinigung von Senkgruben geeignet. Verd\u00fcnnte Fermentationsfl\u00fcssigkeit stellt eine gute N\u00e4hrl\u00f6sung f\u00fcr Zimmer- und Gartenpflanzen dar.<\/p>\n<\/div>\n<div class=\"ProductDescription-Paragraph\">\n<h4 class=\"ProductDescription-ParagraphTitle\">Aktiviert Mikroorganismen im Boden und im Wasser und maximiert deren nat\u00fcrliche Kraft<\/h4>\n<p>Die mitgelieferte Terra Preta Bokashi ist eine mit EM-effektiven Mikroorganismen und Zuckerrohrmelasse fermentierte Mischung aus Weizenkleie, Biokohle und EM-Keramik-Pulver \u00abSuper Cera-C\u00bb. EM steht f\u00fcr eine Reihe von mikrobiellen Produkten, die in zahlreichen Einsatzgebieten wie Landwirtschaft, Nutztierhaltung, Umweltreinigung\/-schutz und Gesundheitsversorgung eingesetzt werden. Die Biokohle wird w\u00e4hrend der Fermentation mit EM besiedelt. Die grosse innere Oberfl\u00e4che der Biokohle (300 bis 400 g\/m\u00b2) dient den Bodenbakterien zur Aktivierung des Bodens. Die Biokohle in Terra Preta Bokashi verrottet nicht im Boden, sondern dient dem nachhaltigen Humusaufbau. Humusreiche B\u00f6den sind ertragsreicher und speichern die Feuchtigkeit besser. Somit ist Terra Preta Bokashi nicht nur ein N\u00e4hrstofflieferant, sondern auch ein nat\u00fcrlicher Bodenaktivator.<\/p>\n<\/div>\n<p>&nbsp;<\/p>\n","protected":false},"excerpt":{"rendered":"<p class=\"ProductDescription-Title\">Bokashi Komposter Essential aus Recycling Kunststoff, 2er-Set inkl. Biogene Streu.<\/p>\n<p class=\"ProductDescription-Subtitle\">Die Kompostierungsl\u00f6sung f\u00fcr das ganze Jahr.<\/p>\n","protected":false},"featured_media":11465,"template":"","meta":{"ocean_post_layout":"","ocean_both_sidebars_style":"","ocean_both_sidebars_content_width":0,"ocean_both_sidebars_sidebars_width":0,"ocean_sidebar":"0","ocean_second_sidebar":"0","ocean_disable_margins":"enable","ocean_add_body_class":"","ocean_shortcode_before_top_bar":"","ocean_shortcode_after_top_bar":"","ocean_shortcode_before_header":"","ocean_shortcode_after_header":"","ocean_has_shortcode":"","ocean_shortcode_after_title":"","ocean_shortcode_before_footer_widgets":"","ocean_shortcode_after_footer_widgets":"","ocean_shortcode_before_footer_bottom":"","ocean_shortcode_after_footer_bottom":"","ocean_display_top_bar":"default","ocean_display_header":"default","ocean_header_style":"","ocean_center_header_left_menu":"0","ocean_custom_header_template":"0","ocean_custom_logo":0,"ocean_custom_retina_logo":0,"ocean_custom_logo_max_width":0,"ocean_custom_logo_tablet_max_width":0,"ocean_custom_logo_mobile_max_width":0,"ocean_custom_logo_max_height":0,"ocean_custom_logo_tablet_max_height":0,"ocean_custom_logo_mobile_max_height":0,"ocean_header_custom_menu":"0","ocean_menu_typo_font_family":"0","ocean_menu_typo_font_subset":"","ocean_menu_typo_font_size":0,"ocean_menu_typo_font_size_tablet":0,"ocean_menu_typo_font_size_mobile":0,"ocean_menu_typo_font_size_unit":"px","ocean_menu_typo_font_weight":"","ocean_menu_typo_font_weight_tablet":"","ocean_menu_typo_font_weight_mobile":"","ocean_menu_typo_transform":"","ocean_menu_typo_transform_tablet":"","ocean_menu_typo_transform_mobile":"","ocean_menu_typo_line_height":0,"ocean_menu_typo_line_height_tablet":0,"ocean_menu_typo_line_height_mobile":0,"ocean_menu_typo_line_height_unit":"","ocean_menu_typo_spacing":0,"ocean_menu_typo_spacing_tablet":0,"ocean_menu_typo_spacing_mobile":0,"ocean_menu_typo_spacing_unit":"","ocean_menu_link_color":"","ocean_menu_link_color_hover":"","ocean_menu_link_color_active":"","ocean_menu_link_background":"","ocean_menu_link_hover_background":"","ocean_menu_link_active_background":"","ocean_menu_social_links_bg":"","ocean_menu_social_hover_links_bg":"","ocean_menu_social_links_color":"","ocean_menu_social_hover_links_color":"","ocean_disable_title":"default","ocean_disable_heading":"default","ocean_post_title":"","ocean_post_subheading":"","ocean_post_title_style":"","ocean_post_title_background_color":"","ocean_post_title_background":0,"ocean_post_title_bg_image_position":"","ocean_post_title_bg_image_attachment":"","ocean_post_title_bg_image_repeat":"","ocean_post_title_bg_image_size":"","ocean_post_title_height":0,"ocean_post_title_bg_overlay":0.5,"ocean_post_title_bg_overlay_color":"","ocean_disable_breadcrumbs":"default","ocean_breadcrumbs_color":"","ocean_breadcrumbs_separator_color":"","ocean_breadcrumbs_links_color":"","ocean_breadcrumbs_links_hover_color":"","ocean_display_footer_widgets":"default","ocean_display_footer_bottom":"default","ocean_custom_footer_template":"0","ofc_meta_disable_footer_callout":"","ofc_meta_callout_button_url":"","ofc_meta_callout_button_txt":"","ofc_meta_callout_text":"","osh_disable_topbar_sticky":"default","osh_disable_header_sticky":"default","osh_sticky_header_style":"default","osh_sticky_header_effect":"","osh_custom_sticky_logo":0,"osh_custom_retina_sticky_logo":0,"osh_custom_sticky_logo_height":0,"osh_background_color":"","osh_links_color":"","osh_links_hover_color":"","osh_links_active_color":"","osh_links_bg_color":"","osh_links_hover_bg_color":"","osh_links_active_bg_color":"","osh_menu_social_links_color":"","osh_menu_social_hover_links_color":""},"product_brand":[],"product_cat":[495,434],"product_tag":[723,516,517,716,720],"class_list":{"0":"post-11461","1":"product","2":"type-product","3":"status-publish","4":"has-post-thumbnail","6":"product_cat-abfalleimer","7":"product_cat-garten-outdoor","8":"product_tag-bokashi","9":"product_tag-kompost","10":"product_tag-komposteimer","11":"product_tag-komposter","12":"product_tag-mikroorganismus","14":"entry","15":"has-media","17":"first","18":"instock","19":"taxable","20":"shipping-taxable","21":"purchasable","22":"product-type-variable","23":"has-default-attributes","24":"col","25":"span_1_of_3","26":"owp-content-center","27":"item-entry","28":"owp-thumbs-layout-horizontal","29":"owp-btn-normal","30":"owp-tabs-layout-horizontal","31":"circle-sale"},"yoast_head":"<!-- This site is optimized with the Yoast SEO plugin v27.4 - https:\/\/yoast.com\/product\/yoast-seo-wordpress\/ -->\n<title>Bokashi Komposter Organko - WeRecycle.ch | WR Group AG<\/title>\n<meta name=\"description\" content=\"Bokashi Komposter Organko, 2er-Set inkl. Biogene Streu. Die Kompostierungsl\u00f6sung f\u00fcr das ganze Jahr. Reduzierung des Biom\u00fclls ohne Fliegen und Geruch.\" \/>\n<meta name=\"robots\" content=\"index, follow, max-snippet:-1, max-image-preview:large, max-video-preview:-1\" \/>\n<link rel=\"canonical\" href=\"https:\/\/www.werecycle.ch\/de\/shop\/recycling-entsorgung\/abfalleimer\/bokashi-komposter-organko\/\" \/>\n<meta property=\"og:locale\" content=\"de_DE\" \/>\n<meta property=\"og:type\" content=\"article\" \/>\n<meta property=\"og:title\" content=\"Bokashi Komposter Organko - WeRecycle.ch | WR Group AG\" \/>\n<meta property=\"og:description\" content=\"Bokashi Komposter Organko, 2er-Set inkl. Biogene Streu. Die Kompostierungsl\u00f6sung f\u00fcr das ganze Jahr. Reduzierung des Biom\u00fclls ohne Fliegen und Geruch.\" \/>\n<meta property=\"og:url\" content=\"https:\/\/www.werecycle.ch\/de\/shop\/recycling-entsorgung\/abfalleimer\/bokashi-komposter-organko\/\" \/>\n<meta property=\"og:site_name\" content=\"WeRecycle.ch | WR Group AG\" \/>\n<meta property=\"article:publisher\" content=\"https:\/\/www.facebook.com\/www.werecycle.ch\" \/>\n<meta property=\"article:modified_time\" content=\"2024-07-23T12:40:05+00:00\" \/>\n<meta property=\"og:image\" content=\"https:\/\/www.werecycle.ch\/wp-content\/uploads\/2023\/08\/509155.webp\" \/>\n\t<meta property=\"og:image:width\" content=\"1500\" \/>\n\t<meta property=\"og:image:height\" content=\"1500\" \/>\n\t<meta property=\"og:image:type\" content=\"image\/webp\" \/>\n<meta name=\"twitter:card\" content=\"summary_large_image\" \/>\n<script type=\"application\/ld+json\" class=\"yoast-schema-graph\">{\"@context\":\"https:\\\/\\\/schema.org\",\"@graph\":[{\"@type\":\"WebPage\",\"@id\":\"https:\\\/\\\/www.werecycle.ch\\\/shop\\\/recycling-entsorgung\\\/abfalleimer\\\/bokashi-komposter-organko\\\/\",\"url\":\"https:\\\/\\\/www.werecycle.ch\\\/shop\\\/recycling-entsorgung\\\/abfalleimer\\\/bokashi-komposter-organko\\\/\",\"name\":\"Bokashi Komposter Organko - WeRecycle.ch | WR Group AG\",\"isPartOf\":{\"@id\":\"https:\\\/\\\/www.werecycle.ch\\\/de\\\/#website\"},\"primaryImageOfPage\":{\"@id\":\"https:\\\/\\\/www.werecycle.ch\\\/shop\\\/recycling-entsorgung\\\/abfalleimer\\\/bokashi-komposter-organko\\\/#primaryimage\"},\"image\":{\"@id\":\"https:\\\/\\\/www.werecycle.ch\\\/shop\\\/recycling-entsorgung\\\/abfalleimer\\\/bokashi-komposter-organko\\\/#primaryimage\"},\"thumbnailUrl\":\"https:\\\/\\\/www.werecycle.ch\\\/wp-content\\\/uploads\\\/2023\\\/08\\\/509155.webp\",\"datePublished\":\"2023-05-03T14:06:26+00:00\",\"dateModified\":\"2024-07-23T12:40:05+00:00\",\"description\":\"Bokashi Komposter Organko, 2er-Set inkl. Biogene Streu. Die Kompostierungsl\u00f6sung f\u00fcr das ganze Jahr. Reduzierung des Biom\u00fclls ohne Fliegen und Geruch.\",\"breadcrumb\":{\"@id\":\"https:\\\/\\\/www.werecycle.ch\\\/shop\\\/recycling-entsorgung\\\/abfalleimer\\\/bokashi-komposter-organko\\\/#breadcrumb\"},\"inLanguage\":\"de\",\"potentialAction\":[{\"@type\":\"ReadAction\",\"target\":[\"https:\\\/\\\/www.werecycle.ch\\\/shop\\\/recycling-entsorgung\\\/abfalleimer\\\/bokashi-komposter-organko\\\/\"]}]},{\"@type\":\"ImageObject\",\"inLanguage\":\"de\",\"@id\":\"https:\\\/\\\/www.werecycle.ch\\\/shop\\\/recycling-entsorgung\\\/abfalleimer\\\/bokashi-komposter-organko\\\/#primaryimage\",\"url\":\"https:\\\/\\\/www.werecycle.ch\\\/wp-content\\\/uploads\\\/2023\\\/08\\\/509155.webp\",\"contentUrl\":\"https:\\\/\\\/www.werecycle.ch\\\/wp-content\\\/uploads\\\/2023\\\/08\\\/509155.webp\",\"width\":1500,\"height\":1500},{\"@type\":\"BreadcrumbList\",\"@id\":\"https:\\\/\\\/www.werecycle.ch\\\/shop\\\/recycling-entsorgung\\\/abfalleimer\\\/bokashi-komposter-organko\\\/#breadcrumb\",\"itemListElement\":[{\"@type\":\"ListItem\",\"position\":1,\"name\":\"Startseite\",\"item\":\"https:\\\/\\\/www.werecycle.ch\\\/\"},{\"@type\":\"ListItem\",\"position\":2,\"name\":\"Shop\",\"item\":\"https:\\\/\\\/www.werecycle.ch\\\/de\\\/shop\\\/\"},{\"@type\":\"ListItem\",\"position\":3,\"name\":\"Bokashi Komposter Organko\"}]},{\"@type\":\"WebSite\",\"@id\":\"https:\\\/\\\/www.werecycle.ch\\\/de\\\/#website\",\"url\":\"https:\\\/\\\/www.werecycle.ch\\\/de\\\/\",\"name\":\"WeRecycle.ch | Recycling Services AG\",\"description\":\"\",\"publisher\":{\"@id\":\"https:\\\/\\\/www.werecycle.ch\\\/de\\\/#organization\"},\"potentialAction\":[{\"@type\":\"SearchAction\",\"target\":{\"@type\":\"EntryPoint\",\"urlTemplate\":\"https:\\\/\\\/www.werecycle.ch\\\/de\\\/?s={search_term_string}\"},\"query-input\":{\"@type\":\"PropertyValueSpecification\",\"valueRequired\":true,\"valueName\":\"search_term_string\"}}],\"inLanguage\":\"de\"},{\"@type\":\"Organization\",\"@id\":\"https:\\\/\\\/www.werecycle.ch\\\/de\\\/#organization\",\"name\":\"WeRecycle.ch | Recycling Services AG\",\"url\":\"https:\\\/\\\/www.werecycle.ch\\\/de\\\/\",\"logo\":{\"@type\":\"ImageObject\",\"inLanguage\":\"de\",\"@id\":\"https:\\\/\\\/www.werecycle.ch\\\/de\\\/#\\\/schema\\\/logo\\\/image\\\/\",\"url\":\"https:\\\/\\\/www.werecycle.ch\\\/wp-content\\\/uploads\\\/2022\\\/09\\\/logo_werecycle.webp\",\"contentUrl\":\"https:\\\/\\\/www.werecycle.ch\\\/wp-content\\\/uploads\\\/2022\\\/09\\\/logo_werecycle.webp\",\"width\":1423,\"height\":427,\"caption\":\"WeRecycle.ch | Recycling Services AG\"},\"image\":{\"@id\":\"https:\\\/\\\/www.werecycle.ch\\\/de\\\/#\\\/schema\\\/logo\\\/image\\\/\"},\"sameAs\":[\"https:\\\/\\\/www.facebook.com\\\/www.werecycle.ch\"]}]}<\/script>\n<!-- \/ Yoast SEO plugin. -->","yoast_head_json":{"title":"Bokashi Komposter Organko - WeRecycle.ch | WR Group AG","description":"Bokashi Komposter Organko, 2er-Set inkl. Biogene Streu. Die Kompostierungsl\u00f6sung f\u00fcr das ganze Jahr. Reduzierung des Biom\u00fclls ohne Fliegen und Geruch.","robots":{"index":"index","follow":"follow","max-snippet":"max-snippet:-1","max-image-preview":"max-image-preview:large","max-video-preview":"max-video-preview:-1"},"canonical":"https:\/\/www.werecycle.ch\/de\/shop\/recycling-entsorgung\/abfalleimer\/bokashi-komposter-organko\/","og_locale":"de_DE","og_type":"article","og_title":"Bokashi Komposter Organko - WeRecycle.ch | WR Group AG","og_description":"Bokashi Komposter Organko, 2er-Set inkl. Biogene Streu. Die Kompostierungsl\u00f6sung f\u00fcr das ganze Jahr. Reduzierung des Biom\u00fclls ohne Fliegen und Geruch.","og_url":"https:\/\/www.werecycle.ch\/de\/shop\/recycling-entsorgung\/abfalleimer\/bokashi-komposter-organko\/","og_site_name":"WeRecycle.ch | WR Group AG","article_publisher":"https:\/\/www.facebook.com\/www.werecycle.ch","article_modified_time":"2024-07-23T12:40:05+00:00","og_image":[{"width":1500,"height":1500,"url":"https:\/\/www.werecycle.ch\/wp-content\/uploads\/2023\/08\/509155.webp","type":"image\/webp"}],"twitter_card":"summary_large_image","schema":{"@context":"https:\/\/schema.org","@graph":[{"@type":"WebPage","@id":"https:\/\/www.werecycle.ch\/shop\/recycling-entsorgung\/abfalleimer\/bokashi-komposter-organko\/","url":"https:\/\/www.werecycle.ch\/shop\/recycling-entsorgung\/abfalleimer\/bokashi-komposter-organko\/","name":"Bokashi Komposter Organko - WeRecycle.ch | WR Group AG","isPartOf":{"@id":"https:\/\/www.werecycle.ch\/de\/#website"},"primaryImageOfPage":{"@id":"https:\/\/www.werecycle.ch\/shop\/recycling-entsorgung\/abfalleimer\/bokashi-komposter-organko\/#primaryimage"},"image":{"@id":"https:\/\/www.werecycle.ch\/shop\/recycling-entsorgung\/abfalleimer\/bokashi-komposter-organko\/#primaryimage"},"thumbnailUrl":"https:\/\/www.werecycle.ch\/wp-content\/uploads\/2023\/08\/509155.webp","datePublished":"2023-05-03T14:06:26+00:00","dateModified":"2024-07-23T12:40:05+00:00","description":"Bokashi Komposter Organko, 2er-Set inkl. Biogene Streu. Die Kompostierungsl\u00f6sung f\u00fcr das ganze Jahr. Reduzierung des Biom\u00fclls ohne Fliegen und Geruch.","breadcrumb":{"@id":"https:\/\/www.werecycle.ch\/shop\/recycling-entsorgung\/abfalleimer\/bokashi-komposter-organko\/#breadcrumb"},"inLanguage":"de","potentialAction":[{"@type":"ReadAction","target":["https:\/\/www.werecycle.ch\/shop\/recycling-entsorgung\/abfalleimer\/bokashi-komposter-organko\/"]}]},{"@type":"ImageObject","inLanguage":"de","@id":"https:\/\/www.werecycle.ch\/shop\/recycling-entsorgung\/abfalleimer\/bokashi-komposter-organko\/#primaryimage","url":"https:\/\/www.werecycle.ch\/wp-content\/uploads\/2023\/08\/509155.webp","contentUrl":"https:\/\/www.werecycle.ch\/wp-content\/uploads\/2023\/08\/509155.webp","width":1500,"height":1500},{"@type":"BreadcrumbList","@id":"https:\/\/www.werecycle.ch\/shop\/recycling-entsorgung\/abfalleimer\/bokashi-komposter-organko\/#breadcrumb","itemListElement":[{"@type":"ListItem","position":1,"name":"Startseite","item":"https:\/\/www.werecycle.ch\/"},{"@type":"ListItem","position":2,"name":"Shop","item":"https:\/\/www.werecycle.ch\/de\/shop\/"},{"@type":"ListItem","position":3,"name":"Bokashi Komposter Organko"}]},{"@type":"WebSite","@id":"https:\/\/www.werecycle.ch\/de\/#website","url":"https:\/\/www.werecycle.ch\/de\/","name":"WeRecycle.ch | Recycling Services AG","description":"","publisher":{"@id":"https:\/\/www.werecycle.ch\/de\/#organization"},"potentialAction":[{"@type":"SearchAction","target":{"@type":"EntryPoint","urlTemplate":"https:\/\/www.werecycle.ch\/de\/?s={search_term_string}"},"query-input":{"@type":"PropertyValueSpecification","valueRequired":true,"valueName":"search_term_string"}}],"inLanguage":"de"},{"@type":"Organization","@id":"https:\/\/www.werecycle.ch\/de\/#organization","name":"WeRecycle.ch | Recycling Services AG","url":"https:\/\/www.werecycle.ch\/de\/","logo":{"@type":"ImageObject","inLanguage":"de","@id":"https:\/\/www.werecycle.ch\/de\/#\/schema\/logo\/image\/","url":"https:\/\/www.werecycle.ch\/wp-content\/uploads\/2022\/09\/logo_werecycle.webp","contentUrl":"https:\/\/www.werecycle.ch\/wp-content\/uploads\/2022\/09\/logo_werecycle.webp","width":1423,"height":427,"caption":"WeRecycle.ch | Recycling Services AG"},"image":{"@id":"https:\/\/www.werecycle.ch\/de\/#\/schema\/logo\/image\/"},"sameAs":["https:\/\/www.facebook.com\/www.werecycle.ch"]}]}},"tiered_pricing_type":"fixed","tiered_pricing_fixed_rules":[],"tiered_pricing_product_settings":{"layout":"default","base_unit_name":{"singular":null,"plural":null},"default_variation":null},"tiered_pricing_minimum_quantity":null,"tiered_pricing_roles_data":[],"tiered_pricing_percentage_rules":[],"_links":{"self":[{"href":"https:\/\/www.werecycle.ch\/de\/wp-json\/wp\/v2\/product\/11461","targetHints":{"allow":["GET"]}}],"collection":[{"href":"https:\/\/www.werecycle.ch\/de\/wp-json\/wp\/v2\/product"}],"about":[{"href":"https:\/\/www.werecycle.ch\/de\/wp-json\/wp\/v2\/types\/product"}],"wp:featuredmedia":[{"embeddable":true,"href":"https:\/\/www.werecycle.ch\/de\/wp-json\/wp\/v2\/media\/11465"}],"wp:attachment":[{"href":"https:\/\/www.werecycle.ch\/de\/wp-json\/wp\/v2\/media?parent=11461"}],"wp:term":[{"taxonomy":"product_brand","embeddable":true,"href":"https:\/\/www.werecycle.ch\/de\/wp-json\/wp\/v2\/product_brand?post=11461"},{"taxonomy":"product_cat","embeddable":true,"href":"https:\/\/www.werecycle.ch\/de\/wp-json\/wp\/v2\/product_cat?post=11461"},{"taxonomy":"product_tag","embeddable":true,"href":"https:\/\/www.werecycle.ch\/de\/wp-json\/wp\/v2\/product_tag?post=11461"}],"curies":[{"name":"wp","href":"https:\/\/api.w.org\/{rel}","templated":true}]}}